{"id":16,"date":"2016-07-14T12:02:15","date_gmt":"2016-07-14T12:02:15","guid":{"rendered":"http:\/\/codamusic.com.br\/?page_id=16"},"modified":"2024-06-12T12:36:01","modified_gmt":"2024-06-12T15:36:01","slug":"unaerp","status":"publish","type":"page","link":"https:\/\/codamusic.com.br\/en\/unaerp\/","title":{"rendered":"UNAERP"},"content":{"rendered":"<div data-elementor-type=\"wp-page\" data-elementor-id=\"16\" class=\"elementor elementor-16\" data-elementor-settings=\"{&quot;ha_cmc_init_switcher&quot;:&quot;no&quot;}\" data-elementor-post-type=\"page\">\n\t\t\t\t<div data-particle_enable=\"false\" data-particle-mobile-disabled=\"false\" class=\"elementor-element elementor-element-701066ef e-flex e-con-boxed e-con e-parent\" data-id=\"701066ef\" data-element_type=\"container\" data-e-type=\"container\" data-settings=\"{&quot;background_background&quot;:&quot;classic&quot;,&quot;_ha_eqh_enable&quot;:false}\">\n\t\t\t\t\t<div class=\"e-con-inner\">\n\t\t<div data-particle_enable=\"false\" data-particle-mobile-disabled=\"false\" class=\"elementor-element elementor-element-3884fa30 e-flex e-con-boxed e-con e-child\" data-id=\"3884fa30\" data-element_type=\"container\" data-e-type=\"container\" data-settings=\"{&quot;background_background&quot;:&quot;classic&quot;,&quot;_ha_eqh_enable&quot;:false}\">\n\t\t\t\t\t<div class=\"e-con-inner\">\n\t\t\t\t<div class=\"elementor-element elementor-element-70a413d4 elementor-widget__width-auto elementor-cta--skin-classic elementor-animated-content elementor-bg-transform elementor-bg-transform-zoom-in ha-has-bg-overlay elementor-widget elementor-widget-call-to-action\" data-id=\"70a413d4\" data-element_type=\"widget\" data-e-type=\"widget\" data-settings=\"{&quot;_animation&quot;:&quot;none&quot;}\" data-widget_type=\"call-to-action.default\">\n\t\t\t\t<div class=\"elementor-widget-container\">\n\t\t\t\t\t\t\t<div class=\"elementor-cta\">\n\t\t\t\t\t\t\t<div class=\"elementor-cta__content\">\n\t\t\t\t\n\t\t\t\t\t\t\t\t\t<h1 class=\"elementor-cta__title elementor-cta__content-item elementor-content-item\">\n\t\t\t\t\t\tUNAERP\t\t\t\t\t<\/h1>\n\t\t\t\t\n\t\t\t\t\t\t\t\t\t<div class=\"elementor-cta__description elementor-cta__content-item elementor-content-item\">\n\t\t\t\t\t\tWe transformed Unaerp's strategy, encapsulated by the tagline \"inspiration that generates impact,\" into a captivating symphony. In this musical composition, string instruments symbolize inspiration, while the harmonious blend of various timbres represents interaction and innovation. The piece culminates in the Unaerp theme, delivering the intended impact.\t\t\t\t\t<\/div>\n\t\t\t\t\n\t\t\t\t\t\t\t<\/div>\n\t\t\t\t\t\t<\/div>\n\t\t\t\t\t\t<\/div>\n\t\t\t\t<\/div>\n\t\t\t\t\t<\/div>\n\t\t\t\t<\/div>\n\t\t<div data-particle_enable=\"false\" data-particle-mobile-disabled=\"false\" class=\"elementor-element elementor-element-3f02d681 e-con-full e-flex e-con e-child\" data-id=\"3f02d681\" data-element_type=\"container\" data-e-type=\"container\" data-settings=\"{&quot;background_background&quot;:&quot;classic&quot;,&quot;_ha_eqh_enable&quot;:false}\">\n\t\t\t\t<div class=\"elementor-element elementor-element-48333214 animated-slow e-transform e-transform elementor-view-default elementor-invisible elementor-widget elementor-widget-icon\" data-id=\"48333214\" data-element_type=\"widget\" data-e-type=\"widget\" data-settings=\"{&quot;_transform_scale_effect_hover&quot;:{&quot;unit&quot;:&quot;px&quot;,&quot;size&quot;:1.1000000000000001,&quot;sizes&quot;:[]},&quot;_animation&quot;:&quot;rotateIn&quot;,&quot;_transform_rotateZ_effect_hover&quot;:{&quot;unit&quot;:&quot;px&quot;,&quot;size&quot;:15,&quot;sizes&quot;:[]},&quot;_transform_rotateZ_effect_hover_laptop&quot;:{&quot;unit&quot;:&quot;deg&quot;,&quot;size&quot;:&quot;&quot;,&quot;sizes&quot;:[]},&quot;_transform_rotateZ_effect_hover_tablet&quot;:{&quot;unit&quot;:&quot;deg&quot;,&quot;size&quot;:&quot;&quot;,&quot;sizes&quot;:[]},&quot;_transform_rotateZ_effect_hover_mobile&quot;:{&quot;unit&quot;:&quot;deg&quot;,&quot;size&quot;:&quot;&quot;,&quot;sizes&quot;:[]},&quot;_transform_scale_effect_hover_laptop&quot;:{&quot;unit&quot;:&quot;px&quot;,&quot;size&quot;:&quot;&quot;,&quot;sizes&quot;:[]},&quot;_transform_scale_effect_hover_tablet&quot;:{&quot;unit&quot;:&quot;px&quot;,&quot;size&quot;:&quot;&quot;,&quot;sizes&quot;:[]},&quot;_transform_scale_effect_hover_mobile&quot;:{&quot;unit&quot;:&quot;px&quot;,&quot;size&quot;:&quot;&quot;,&quot;sizes&quot;:[]}}\" data-widget_type=\"icon.default\">\n\t\t\t\t<div class=\"elementor-widget-container\">\n\t\t\t\t\t\t\t<div class=\"elementor-icon-wrapper\">\n\t\t\t<div class=\"elementor-icon\">\n\t\t\t<svg xmlns=\"http:\/\/www.w3.org\/2000\/svg\" xmlns:xlink=\"http:\/\/www.w3.org\/1999\/xlink\" id=\"Layer_1\" x=\"0px\" y=\"0px\" viewbox=\"0 0 867.5 867.95\" style=\"enable-background:new 0 0 867.5 867.95;\" xml:space=\"preserve\"><style type=\"text\/css\">\t.st0{fill:#3366FF;}\t.st1{fill:#4072EA;}\t.st2{fill:#4D7ED5;}\t.st3{fill:#598ABF;}\t.st4{fill:#6696AA;}\t.st5{fill:#73A195;}\t.st6{fill:#7FAD80;}\t.st7{fill:#8CB96A;}\t.st8{fill:#99C555;}\t.st9{fill:#A4CC55;}\t.st10{fill:#AED455;}\t.st11{fill:#C3E254;}\t.st12{fill:#B9DB54;}\t.st13{fill:#CEE954;}\t.st14{fill:#D8F154;}\t.st15{fill:#E3F853;}\t.st16{fill:#EDFF53;}<\/style><g>\t<rect class=\"st0\" width=\"289.6\" height=\"26\"><\/rect>\t<rect y=\"122.19\" class=\"st1\" width=\"289.6\" height=\"30.46\"><\/rect>\t<rect y=\"236.42\" class=\"st2\" width=\"289.6\" height=\"34.93\"><\/rect>\t<rect y=\"339.82\" class=\"st3\" width=\"289.6\" height=\"39.39\"><\/rect>\t<path class=\"st4\" d=\"M289.6,434.02v-7.39L0.91,461.93c0.93,14.74,2.59,29.27,4.96,43.57l288.32-35.25  C291.19,458.67,289.6,446.53,289.6,434.02z\"><\/path>\t<path class=\"st5\" d=\"M296.13,477.07L38.56,613.21c6.68,14.73,14.18,29.01,22.41,42.8l257.1-135.89  C308.5,507.25,301.01,492.74,296.13,477.07z\"><\/path>\t<path class=\"st6\" d=\"M355.34,555.12c-13.95-9.09-26.23-20.5-36.29-33.71L124.69,738.5c12.35,12.54,25.45,24.33,39.23,35.3  l188.05-210.04l6.13-6.85C357.18,556.32,356.26,555.72,355.34,555.12z\"><\/path>\t<path class=\"st7\" d=\"M402.48,574.98c-15.94-3.56-30.89-9.73-44.36-18.08l-6.13,6.85L249.54,826.97  c17.18,8.07,34.98,15.06,53.3,20.86l99.68-256.12l6.04-15.51C406.51,575.83,404.49,575.43,402.48,574.98z\"><\/path>\t<path class=\"st8\" d=\"M464.25,603.94l-0.07-28.62c-3.46,0.73-6.97,1.33-10.52,1.81c-6.41,0.87-12.94,1.36-19.59,1.36  c-8.71,0-17.23-0.81-25.51-2.29l-6.04,15.51l0.7,275.16c10.09,0.7,20.27,1.08,30.54,1.08c10.48,0,20.87-0.39,31.16-1.12  L464.25,603.94z\"><\/path>\t<path class=\"st9\" d=\"M532.41,596.41l-16.98-43.02c-4.55,3.11-9.29,5.94-14.19,8.52c-11.52,6.06-23.96,10.62-37.05,13.4l0.07,28.62  l96.74,245.02c21.27-6.52,41.85-14.62,61.59-24.18L532.41,596.41z\"><\/path>\t<path class=\"st10\" d=\"M592.85,557.96l-39-43.15c-3.84,5.69-8.08,11.08-12.68,16.15c-7.66,8.45-16.3,15.99-25.75,22.44l16.98,43.02  l164.81,182.34c18.73-14.35,36.27-30.18,52.41-47.34L592.85,557.96z\"><\/path>\t<path class=\"st11\" d=\"M578.53,408.19v25.86v-0.03c0,10.32-1.1,20.38-3.16,30.09l58.74,30.69l224.67,26.34  c5.21-25.61,8.14-52.05,8.62-79.08L578.53,408.19z\"><\/path>\t<path class=\"st12\" d=\"M634.11,494.8l-58.74-30.69c-1.68,7.93-4.03,15.6-6.95,22.99c-3.88,9.8-8.75,19.1-14.58,27.71l39,43.15  L800.22,666.3c13.36-21.06,24.95-43.34,34.58-66.65L634.11,494.8z\"><\/path>\t<rect x=\"578.53\" y=\"316.1\" class=\"st13\" width=\"288.97\" height=\"84.01\"><\/rect>\t<rect x=\"578.53\" y=\"208.23\" class=\"st14\" width=\"288.97\" height=\"88.47\"><\/rect>\t<rect x=\"578.53\" y=\"105.72\" class=\"st15\" width=\"288.97\" height=\"92.94\"><\/rect>\t<rect x=\"578.53\" class=\"st16\" width=\"288.97\" height=\"97.4\"><\/rect><\/g><\/svg>\t\t\t<\/div>\n\t\t<\/div>\n\t\t\t\t\t\t<\/div>\n\t\t\t\t<\/div>\n\t\t\t\t<\/div>\n\t\t\t\t\t<\/div>\n\t\t\t\t<\/div>\n\t\t<div data-particle_enable=\"false\" data-particle-mobile-disabled=\"false\" class=\"elementor-element elementor-element-cbddf67 e-flex e-con-boxed e-con e-parent\" data-id=\"cbddf67\" data-element_type=\"container\" data-e-type=\"container\" data-settings=\"{&quot;_ha_eqh_enable&quot;:false}\">\n\t\t\t\t\t<div class=\"e-con-inner\">\n\t\t<div data-particle_enable=\"false\" data-particle-mobile-disabled=\"false\" class=\"elementor-element elementor-element-60302303 e-con-full e-flex e-con e-child\" data-id=\"60302303\" data-element_type=\"container\" data-e-type=\"container\" data-settings=\"{&quot;_ha_eqh_enable&quot;:false}\">\n\t\t\t\t<div class=\"elementor-element elementor-element-6d049846 elementor-blockquote--skin-boxed elementor-blockquote--align-left elementor-blockquote--button-color-official elementor-widget elementor-widget-blockquote\" data-id=\"6d049846\" data-element_type=\"widget\" data-e-type=\"widget\" data-widget_type=\"blockquote.default\">\n\t\t\t\t<div class=\"elementor-widget-container\">\n\t\t\t\t\t\t\t<blockquote class=\"elementor-blockquote\">\n\t\t\t<p class=\"elementor-blockquote__content\">\n\t\t\t\tUnaerp's sound logo represents the brand's attributes: Inspiration, interaction, innovation and impact with a growing and dynamic melody.\t\t\t<\/p>\n\t\t\t\t\t<\/blockquote>\n\t\t\t\t\t\t<\/div>\n\t\t\t\t<\/div>\n\t\t\t\t<\/div>\n\t\t\t\t<div class=\"elementor-element elementor-element-cf60744 elementor-widget elementor-widget-video\" data-id=\"cf60744\" data-element_type=\"widget\" data-e-type=\"widget\" data-settings=\"{&quot;video_type&quot;:&quot;hosted&quot;,&quot;controls&quot;:&quot;yes&quot;}\" data-widget_type=\"video.default\">\n\t\t\t\t<div class=\"elementor-widget-container\">\n\t\t\t\t\t\t\t<div class=\"e-hosted-video elementor-wrapper elementor-open-inline\">\n\t\t\t\t\t<video class=\"elementor-video\" src=\"https:\/\/codamusic.com.br\/wp-content\/uploads\/2024\/04\/Sonic-Movie-Brand-UNAERP.mp4\" controls=\"\" preload=\"metadata\" controlslist=\"nodownload\"><\/video>\n\t\t\t\t<\/div>\n\t\t\t\t\t\t<\/div>\n\t\t\t\t<\/div>\n\t\t\t\t\t<\/div>\n\t\t\t\t<\/div>\n\t\t<div data-particle_enable=\"false\" data-particle-mobile-disabled=\"false\" class=\"elementor-element elementor-element-b36633e e-con-full e-flex e-con e-parent\" data-id=\"b36633e\" data-element_type=\"container\" data-e-type=\"container\" data-settings=\"{&quot;_ha_eqh_enable&quot;:false}\">\n\t\t\t\t<div class=\"elementor-element elementor-element-0da6409 elementor-widget elementor-widget-video\" data-id=\"0da6409\" data-element_type=\"widget\" data-e-type=\"widget\" data-settings=\"{&quot;video_type&quot;:&quot;hosted&quot;,&quot;controls&quot;:&quot;yes&quot;}\" data-widget_type=\"video.default\">\n\t\t\t\t<div class=\"elementor-widget-container\">\n\t\t\t\t\t\t\t<div class=\"e-hosted-video elementor-wrapper elementor-open-inline\">\n\t\t\t\t\t<video class=\"elementor-video\" src=\"https:\/\/codamusic.com.br\/wp-content\/uploads\/2024\/04\/Sinfonia2-Unaerp.mp4\" controls=\"\" preload=\"metadata\" controlslist=\"nodownload\"><\/video>\n\t\t\t\t<\/div>\n\t\t\t\t\t\t<\/div>\n\t\t\t\t<\/div>\n\t\t\t\t<\/div>\n\t\t<div data-particle_enable=\"false\" data-particle-mobile-disabled=\"false\" class=\"elementor-element elementor-element-27b89871 e-flex e-con-boxed e-con e-parent\" data-id=\"27b89871\" data-element_type=\"container\" data-e-type=\"container\" data-settings=\"{&quot;_ha_eqh_enable&quot;:false}\">\n\t\t\t\t\t<div class=\"e-con-inner\">\n\t\t<div data-particle_enable=\"false\" data-particle-mobile-disabled=\"false\" class=\"elementor-element elementor-element-4ba3d16e e-con-full e-flex e-con e-child\" data-id=\"4ba3d16e\" data-element_type=\"container\" data-e-type=\"container\" data-settings=\"{&quot;_ha_eqh_enable&quot;:false}\">\n\t\t\t\t<div class=\"elementor-element elementor-element-440b6b06 elementor-widget-laptop__width-initial elementor-widget elementor-widget-heading\" data-id=\"440b6b06\" data-element_type=\"widget\" data-e-type=\"widget\" data-widget_type=\"heading.default\">\n\t\t\t\t<div class=\"elementor-widget-container\">\n\t\t\t\t\t<span class=\"elementor-heading-title elementor-size-default\">THE PATH OF AN EDUCATOR<\/span>\t\t\t\t<\/div>\n\t\t\t\t<\/div>\n\t\t\t\t<div class=\"elementor-element elementor-element-591f619 elementor-widget-laptop__width-initial elementor-widget elementor-widget-text-editor\" data-id=\"591f619\" data-element_type=\"widget\" data-e-type=\"widget\" data-widget_type=\"text-editor.default\">\n\t\t\t\t<div class=\"elementor-widget-container\">\n\t\t\t\t\t\t\t\t\t<p>Our sound identity at UNAERP sought to reflect and synthesize the trajectory of Mr. Electro Bonini. The choice of a symphonic piece was a way of, through the different sound timbres that an orchestra can offer, telling the story of the man and the institution that worked and still works as the \u201clight\u201d and \u201cbeacon\u201d for different generations.<\/p><p>The video above is the complete piece and the video on the right is the Sonic logo that accompanies the brand's vignette.<\/p>\t\t\t\t\t\t\t\t<\/div>\n\t\t\t\t<\/div>\n\t\t\t\t<\/div>\n\t\t<div data-particle_enable=\"false\" data-particle-mobile-disabled=\"false\" class=\"elementor-element elementor-element-2b407494 e-flex e-con-boxed e-con e-child\" data-id=\"2b407494\" data-element_type=\"container\" data-e-type=\"container\" data-settings=\"{&quot;background_background&quot;:&quot;classic&quot;,&quot;_ha_eqh_enable&quot;:false}\">\n\t\t\t\t\t<div class=\"e-con-inner\">\n\t\t\t\t<div class=\"elementor-element elementor-element-6e2b7bc8 elementor-widget__width-auto ha-has-bg-overlay elementor-widget elementor-widget-heading\" data-id=\"6e2b7bc8\" data-element_type=\"widget\" data-e-type=\"widget\" data-widget_type=\"heading.default\">\n\t\t\t\t<div class=\"elementor-widget-container\">\n\t\t\t\t\t<div class=\"elementor-heading-title elementor-size-default\">MOTION LOGO<\/div>\t\t\t\t<\/div>\n\t\t\t\t<\/div>\n\t\t\t\t<div class=\"elementor-element elementor-element-bd14ddb elementor-widget elementor-widget-video\" data-id=\"bd14ddb\" data-element_type=\"widget\" data-e-type=\"widget\" data-settings=\"{&quot;video_type&quot;:&quot;hosted&quot;,&quot;controls&quot;:&quot;yes&quot;}\" data-widget_type=\"video.default\">\n\t\t\t\t<div class=\"elementor-widget-container\">\n\t\t\t\t\t\t\t<div class=\"e-hosted-video elementor-wrapper elementor-open-inline\">\n\t\t\t\t\t<video class=\"elementor-video\" src=\"https:\/\/codamusic.com.br\/wp-content\/uploads\/2024\/04\/vinheta-nova-unaerp.mp4\" controls=\"\" preload=\"metadata\" controlslist=\"nodownload\"><\/video>\n\t\t\t\t<\/div>\n\t\t\t\t\t\t<\/div>\n\t\t\t\t<\/div>\n\t\t\t\t\t<\/div>\n\t\t\t\t<\/div>\n\t\t\t\t\t<\/div>\n\t\t\t\t<\/div>\n\t\t<div data-particle_enable=\"false\" data-particle-mobile-disabled=\"false\" class=\"elementor-element elementor-element-4d32ecb5 e-flex e-con-boxed e-con e-parent\" data-id=\"4d32ecb5\" data-element_type=\"container\" data-e-type=\"container\" data-settings=\"{&quot;background_background&quot;:&quot;classic&quot;,&quot;_ha_eqh_enable&quot;:false}\">\n\t\t\t\t\t<div class=\"e-con-inner\">\n\t\t\t\t<div class=\"elementor-element elementor-element-bcf8018 elementor-widget elementor-widget-video\" data-id=\"bcf8018\" data-element_type=\"widget\" data-e-type=\"widget\" data-settings=\"{&quot;video_type&quot;:&quot;hosted&quot;,&quot;controls&quot;:&quot;yes&quot;}\" data-widget_type=\"video.default\">\n\t\t\t\t<div class=\"elementor-widget-container\">\n\t\t\t\t\t\t\t<div class=\"e-hosted-video elementor-wrapper elementor-open-inline\">\n\t\t\t\t\t<video class=\"elementor-video\" src=\"https:\/\/codamusic.com.br\/wp-content\/uploads\/2024\/04\/SAMBA.mp4\" controls=\"\" preload=\"metadata\" controlslist=\"nodownload\"><\/video>\n\t\t\t\t<\/div>\n\t\t\t\t\t\t<\/div>\n\t\t\t\t<\/div>\n\t\t<div data-particle_enable=\"false\" data-particle-mobile-disabled=\"false\" class=\"elementor-element elementor-element-1a737188 e-con-full e-flex e-con e-child\" data-id=\"1a737188\" data-element_type=\"container\" data-e-type=\"container\" data-settings=\"{&quot;_ha_eqh_enable&quot;:false}\">\n\t\t\t\t<div class=\"elementor-element elementor-element-67018e78 animated-slow elementor-invisible elementor-widget elementor-widget-heading\" data-id=\"67018e78\" data-element_type=\"widget\" data-e-type=\"widget\" data-settings=\"{&quot;_animation&quot;:&quot;slideInUp&quot;}\" data-widget_type=\"heading.default\">\n\t\t\t\t<div class=\"elementor-widget-container\">\n\t\t\t\t\t<h2 class=\"elementor-heading-title elementor-size-default\">SAMBA<\/h2>\t\t\t\t<\/div>\n\t\t\t\t<\/div>\n\t\t\t\t<div class=\"elementor-element elementor-element-7138fc78 elementor-widget elementor-widget-text-editor\" data-id=\"7138fc78\" data-element_type=\"widget\" data-e-type=\"widget\" data-widget_type=\"text-editor.default\">\n\t\t\t\t<div class=\"elementor-widget-container\">\n\t\t\t\t\t\t\t\t\t<p>In honor of Unaerp's 100th anniversary, we composed a samba \u2013 a Brazilian rhythm with global coverage, just like the expanding brand.<\/p><p>Both the melody and the poetry were derived from the previous stages of the project \u2013 branding and sound branding. The song is based on the notes of the Unaerp symphony and its poetry, on the institution's brand attributes \u2013 inspiration, interaction, innovation and impact.<\/p><p>The samba was performed in Ribeir\u00e3o Preto, in an auditorium, by the university's choir.<\/p>\t\t\t\t\t\t\t\t<\/div>\n\t\t\t\t<\/div>\n\t\t\t\t<\/div>\n\t\t\t\t\t<\/div>\n\t\t\t\t<\/div>\n\t\t\t\t<\/div>","protected":false},"excerpt":{"rendered":"<p>UNAERP Traduzimos a estrat\u00e9gia da Unaerp, cuja tagline \u00e9 &#8216;inspira\u00e7\u00e3o que gera impacto&#8217;, em uma sinfonia envolvente. Nessa composi\u00e7\u00e3o, os instrumentos de corda representam a inspira\u00e7\u00e3o, enquanto a uni\u00e3o de diferentes timbres denota intera\u00e7\u00e3o e inova\u00e7\u00e3o, culminando no tema da Unaerp, que traz o impacto almejado. O logo sonoro da Unaerp representa os atributos da [&hellip;]<\/p>","protected":false},"author":1,"featured_media":0,"parent":0,"menu_order":0,"comment_status":"closed","ping_status":"closed","template":"elementor_header_footer","meta":{"footnotes":""},"class_list":["post-16","page","type-page","status-publish","hentry"],"_links":{"self":[{"href":"https:\/\/codamusic.com.br\/en\/wp-json\/wp\/v2\/pages\/16","targetHints":{"allow":["GET"]}}],"collection":[{"href":"https:\/\/codamusic.com.br\/en\/wp-json\/wp\/v2\/pages"}],"about":[{"href":"https:\/\/codamusic.com.br\/en\/wp-json\/wp\/v2\/types\/page"}],"author":[{"embeddable":true,"href":"https:\/\/codamusic.com.br\/en\/wp-json\/wp\/v2\/users\/1"}],"replies":[{"embeddable":true,"href":"https:\/\/codamusic.com.br\/en\/wp-json\/wp\/v2\/comments?post=16"}],"version-history":[{"count":226,"href":"https:\/\/codamusic.com.br\/en\/wp-json\/wp\/v2\/pages\/16\/revisions"}],"predecessor-version":[{"id":4438,"href":"https:\/\/codamusic.com.br\/en\/wp-json\/wp\/v2\/pages\/16\/revisions\/4438"}],"wp:attachment":[{"href":"https:\/\/codamusic.com.br\/en\/wp-json\/wp\/v2\/media?parent=16"}],"curies":[{"name":"wp","href":"https:\/\/api.w.org\/{rel}","templated":true}]}}