{"id":3824,"date":"2024-04-26T15:53:22","date_gmt":"2024-04-26T18:53:22","guid":{"rendered":"https:\/\/codamusic.com.br\/?page_id=3824"},"modified":"2024-05-21T13:58:20","modified_gmt":"2024-05-21T16:58:20","slug":"thiago-muller","status":"publish","type":"page","link":"https:\/\/codamusic.com.br\/en\/thiago-muller\/","title":{"rendered":"Thiago M\u00fcller"},"content":{"rendered":"<div data-elementor-type=\"wp-page\" data-elementor-id=\"3824\" class=\"elementor elementor-3824\" data-elementor-settings=\"{&quot;ha_cmc_init_switcher&quot;:&quot;no&quot;}\" data-elementor-post-type=\"page\">\n\t\t\t\t<div data-particle_enable=\"false\" data-particle-mobile-disabled=\"false\" class=\"elementor-element elementor-element-640c3be1 e-flex e-con-boxed e-con e-parent\" data-id=\"640c3be1\" data-element_type=\"container\" data-e-type=\"container\" data-settings=\"{&quot;background_background&quot;:&quot;classic&quot;,&quot;_ha_eqh_enable&quot;:false}\">\n\t\t\t\t\t<div class=\"e-con-inner\">\n\t\t\t\t<div class=\"elementor-element elementor-element-2a0385bf elementor-view-default elementor-widget elementor-widget-icon\" data-id=\"2a0385bf\" data-element_type=\"widget\" data-e-type=\"widget\" data-widget_type=\"icon.default\">\n\t\t\t\t<div class=\"elementor-widget-container\">\n\t\t\t\t\t\t\t<div class=\"elementor-icon-wrapper\">\n\t\t\t<div class=\"elementor-icon\">\n\t\t\t<svg xmlns=\"http:\/\/www.w3.org\/2000\/svg\" viewbox=\"0 0 25 22\"><path d=\"M24.846.345v4.16c-.996.087-1.906.477-2.73 1.17-.78.694-1.408 1.582-1.884 2.665-.434 1.04-.65 2.188-.65 3.445h5.07v10.01H14.315V12.89c0-2.73.477-4.983 1.43-6.76.997-1.776 2.297-3.141 3.9-4.095a12.275 12.275 0 0 1 5.2-1.69Zm-14.104 0v4.16c-.997.087-1.907.477-2.73 1.17-.78.694-1.409 1.582-1.886 2.665-.433 1.04-.65 2.188-.65 3.445h5.006v10.01H.146V12.89c0-2.73.499-4.983 1.495-6.76.997-1.776 2.297-3.141 3.9-4.095a12.275 12.275 0 0 1 5.2-1.69Z\"><\/path><\/svg>\t\t\t<\/div>\n\t\t<\/div>\n\t\t\t\t\t\t<\/div>\n\t\t\t\t<\/div>\n\t\t\t\t<div class=\"elementor-element elementor-element-f57ad03 elementor-widget elementor-widget-testimonial\" data-id=\"f57ad03\" data-element_type=\"widget\" data-e-type=\"widget\" data-widget_type=\"testimonial.default\">\n\t\t\t\t<div class=\"elementor-widget-container\">\n\t\t\t\t\t\t\t<div class=\"elementor-testimonial-wrapper\">\n\t\t\t\t\t\t\t<div class=\"elementor-testimonial-content\">First of all, imagine. Imagination gives wings to human beings.<\/div>\n\t\t\t\n\t\t\t\t\t\t<div class=\"elementor-testimonial-meta\">\n\t\t\t\t<div class=\"elementor-testimonial-meta-inner\">\n\t\t\t\t\t\n\t\t\t\t\t\t\t\t\t\t<div class=\"elementor-testimonial-details\">\n\t\t\t\t\t\t\t\t\t\t\t\t\t\t<div class=\"elementor-testimonial-name\">THIAGO M\u00dcLLER<\/div>\n\t\t\t\t\t\t\t\t\t\t\t\t\t\t\t\t\t\t\t\t\t\t<div class=\"elementor-testimonial-job\">Composer &amp; Copywriter<\/div>\n\t\t\t\t\t\t\t\t\t\t\t\t\t<\/div>\n\t\t\t\t\t\t\t\t\t<\/div>\n\t\t\t<\/div>\n\t\t\t\t\t<\/div>\n\t\t\t\t\t\t<\/div>\n\t\t\t\t<\/div>\n\t\t\t\t\t<\/div>\n\t\t\t\t<\/div>\n\t\t<div data-particle_enable=\"false\" data-particle-mobile-disabled=\"false\" class=\"elementor-element elementor-element-1e0be0d e-con-full e-flex e-con e-parent\" data-id=\"1e0be0d\" data-element_type=\"container\" data-e-type=\"container\" data-settings=\"{&quot;background_background&quot;:&quot;classic&quot;,&quot;_ha_eqh_enable&quot;:false}\">\n\t\t<div data-particle_enable=\"false\" data-particle-mobile-disabled=\"false\" class=\"elementor-element elementor-element-7f04b8b e-con-full e-flex e-con e-child\" data-id=\"7f04b8b\" data-element_type=\"container\" data-e-type=\"container\" data-settings=\"{&quot;_ha_eqh_enable&quot;:false}\">\n\t\t\t\t<div class=\"elementor-element elementor-element-0ac26ed elementor-widget elementor-widget-heading\" data-id=\"0ac26ed\" data-element_type=\"widget\" data-e-type=\"widget\" data-widget_type=\"heading.default\">\n\t\t\t\t<div class=\"elementor-widget-container\">\n\t\t\t\t\t<h2 class=\"elementor-heading-title elementor-size-default\">Thiago M\u00fcller<\/h2>\t\t\t\t<\/div>\n\t\t\t\t<\/div>\n\t\t\t\t<div class=\"elementor-element elementor-element-d807735 elementor-drop-cap-yes elementor-drop-cap-view-default elementor-widget elementor-widget-text-editor\" data-id=\"d807735\" data-element_type=\"widget\" data-e-type=\"widget\" data-settings=\"{&quot;drop_cap&quot;:&quot;yes&quot;}\" data-widget_type=\"text-editor.default\">\n\t\t\t\t<div class=\"elementor-widget-container\">\n\t\t\t\t\t\t\t\t\t<p>Thiago M\u00fcller is a bassist, composer, teacher and copywriter.<\/p>\n<p>At Coda, he composes memorable songs and melodies guided by the brand's positioning, in addition to adding to projects with his vision of copywriting, the strategic writing behind marketing.<\/p>\n<p>He began his journey in music at the age of nine, when he learned his first chords on the guitar and a repertoire of chorinhos, taught by Ricardo Fernandes, professor at the Beethoven Conservatory.<\/p>\n<p>He participated in numerous musical projects, with the recent highlight being bassist in the band of singer T\u00e2nia Maya, which began at Teatro dos Menestr\u00e9is, back in the 90s, and with two albums released in partnership with Oswaldo Montenegro and other artists, such as Karnak and Lenin.<\/p>\n<p>After training at Col\u00e9gio Presbiteriano Mackenzie, he worked for three and a half years at Cervejaria Molinarius, as a partner and financier, and after a period focusing on acting as a teacher, he became a partner at Terravis, a digital marketing consultancy in which he works as a copywriter.<\/p>\n<p>Encantado pela profiss\u00e3o, uma mistura de arte e neg\u00f3cios, procurou se especializar em copywriting pelo Novo Mercado, uma renomada escola de marketing digital.<\/p>\n<p>Alongside Ant\u00f4nio and Fred (and Coda partners), he believes and works hard so that, together, they can continue to delight customers and the public with their sound brands.<\/p>\t\t\t\t\t\t\t\t<\/div>\n\t\t\t\t<\/div>\n\t\t\t\t<\/div>\n\t\t\t\t<div class=\"elementor-element elementor-element-65c2756 elementor-widget__width-initial elementor-widget elementor-widget-gallery\" data-id=\"65c2756\" data-element_type=\"widget\" data-e-type=\"widget\" data-settings=\"{&quot;gallery_layout&quot;:&quot;masonry&quot;,&quot;columns&quot;:&quot;2&quot;,&quot;lazyload&quot;:&quot;yes&quot;,&quot;columns_tablet&quot;:2,&quot;columns_mobile&quot;:1,&quot;gap&quot;:{&quot;unit&quot;:&quot;px&quot;,&quot;size&quot;:10,&quot;sizes&quot;:[]},&quot;gap_laptop&quot;:{&quot;unit&quot;:&quot;px&quot;,&quot;size&quot;:10,&quot;sizes&quot;:[]},&quot;gap_tablet&quot;:{&quot;unit&quot;:&quot;px&quot;,&quot;size&quot;:10,&quot;sizes&quot;:[]},&quot;gap_mobile&quot;:{&quot;unit&quot;:&quot;px&quot;,&quot;size&quot;:10,&quot;sizes&quot;:[]},&quot;overlay_background&quot;:&quot;yes&quot;,&quot;content_hover_animation&quot;:&quot;fade-in&quot;}\" data-widget_type=\"gallery.default\">\n\t\t\t\t<div class=\"elementor-widget-container\">\n\t\t\t\t\t\t\t<div class=\"elementor-gallery__container\">\n\t\t\t\t\t\t\t<div class=\"e-gallery-item elementor-gallery-item elementor-animated-content\">\n\t\t\t\t\t<div class=\"e-gallery-image elementor-gallery-item__image\" data-thumbnail=\"https:\/\/codamusic.com.br\/wp-content\/uploads\/2024\/04\/DSC_1471-1-scaled.jpg\" data-width=\"2560\" data-height=\"1709\" aria-label=\"\" role=\"img\" ><\/div>\n\t\t\t\t\t\t\t\t\t\t\t<div class=\"elementor-gallery-item__overlay\"><\/div>\n\t\t\t\t\t\t\t\t\t\t\t\t\t\t<\/div>\n\t\t\t\t\t\t\t<div class=\"e-gallery-item elementor-gallery-item elementor-animated-content\">\n\t\t\t\t\t<div class=\"e-gallery-image elementor-gallery-item__image\" data-thumbnail=\"https:\/\/codamusic.com.br\/wp-content\/uploads\/2024\/04\/DSC_1516-scaled-e1717006253787.jpg\" data-width=\"1706\" data-height=\"2363\" aria-label=\"\" role=\"img\" ><\/div>\n\t\t\t\t\t\t\t\t\t\t\t<div class=\"elementor-gallery-item__overlay\"><\/div>\n\t\t\t\t\t\t\t\t\t\t\t\t\t\t<\/div>\n\t\t\t\t\t\t\t<div class=\"e-gallery-item elementor-gallery-item elementor-animated-content\">\n\t\t\t\t\t<div class=\"e-gallery-image elementor-gallery-item__image\" data-thumbnail=\"https:\/\/codamusic.com.br\/wp-content\/uploads\/2024\/04\/DSC_1592-scaled.jpg\" data-width=\"1709\" data-height=\"2560\" aria-label=\"\" role=\"img\" ><\/div>\n\t\t\t\t\t\t\t\t\t\t\t<div class=\"elementor-gallery-item__overlay\"><\/div>\n\t\t\t\t\t\t\t\t\t\t\t\t\t\t<\/div>\n\t\t\t\t\t\t\t<div class=\"e-gallery-item elementor-gallery-item elementor-animated-content\">\n\t\t\t\t\t<div class=\"e-gallery-image elementor-gallery-item__image\" data-thumbnail=\"https:\/\/codamusic.com.br\/wp-content\/uploads\/2024\/04\/Foto-Perfil-Thiago-Muller-scaled.jpg\" data-width=\"1709\" data-height=\"2560\" aria-label=\"\" role=\"img\" ><\/div>\n\t\t\t\t\t\t\t\t\t\t\t<div class=\"elementor-gallery-item__overlay\"><\/div>\n\t\t\t\t\t\t\t\t\t\t\t\t\t\t<\/div>\n\t\t\t\t\t\t\t<div class=\"e-gallery-item elementor-gallery-item elementor-animated-content\">\n\t\t\t\t\t<div class=\"e-gallery-image elementor-gallery-item__image\" data-thumbnail=\"https:\/\/codamusic.com.br\/wp-content\/uploads\/2024\/04\/thiago.png\" data-width=\"1418\" data-height=\"1181\" aria-label=\"\" role=\"img\" ><\/div>\n\t\t\t\t\t\t\t\t\t\t\t<div class=\"elementor-gallery-item__overlay\"><\/div>\n\t\t\t\t\t\t\t\t\t\t\t\t\t\t<\/div>\n\t\t\t\t\t<\/div>\n\t\t\t\t\t<\/div>\n\t\t\t\t<\/div>\n\t\t\t\t<\/div>\n\t\t\t\t<\/div>","protected":false},"excerpt":{"rendered":"<p>Antes de mais nada, imagine. A imagina\u00e7\u00e3o d\u00e1 asas ao ser humano. THIAGO M\u00dcLLER Compositor &amp; Copywriter Thiago M\u00fcller Thiago M\u00fcller \u00e9 baixista, compositor, professor e copywriter. Na Coda, comp\u00f5e can\u00e7\u00f5es e melodias memor\u00e1veis guiado pelo posicionamento da marca, al\u00e9m de agregar aos projetos com sua vis\u00e3o de copywriting, a escrita estrat\u00e9gica por tr\u00e1s do [&hellip;]<\/p>","protected":false},"author":1,"featured_media":0,"parent":0,"menu_order":0,"comment_status":"closed","ping_status":"closed","template":"","meta":{"footnotes":""},"class_list":["post-3824","page","type-page","status-publish","hentry"],"_links":{"self":[{"href":"https:\/\/codamusic.com.br\/en\/wp-json\/wp\/v2\/pages\/3824","targetHints":{"allow":["GET"]}}],"collection":[{"href":"https:\/\/codamusic.com.br\/en\/wp-json\/wp\/v2\/pages"}],"about":[{"href":"https:\/\/codamusic.com.br\/en\/wp-json\/wp\/v2\/types\/page"}],"author":[{"embeddable":true,"href":"https:\/\/codamusic.com.br\/en\/wp-json\/wp\/v2\/users\/1"}],"replies":[{"embeddable":true,"href":"https:\/\/codamusic.com.br\/en\/wp-json\/wp\/v2\/comments?post=3824"}],"version-history":[{"count":55,"href":"https:\/\/codamusic.com.br\/en\/wp-json\/wp\/v2\/pages\/3824\/revisions"}],"predecessor-version":[{"id":4852,"href":"https:\/\/codamusic.com.br\/en\/wp-json\/wp\/v2\/pages\/3824\/revisions\/4852"}],"wp:attachment":[{"href":"https:\/\/codamusic.com.br\/en\/wp-json\/wp\/v2\/media?parent=3824"}],"curies":[{"name":"wp","href":"https:\/\/api.w.org\/{rel}","templated":true}]}}