{"id":6114,"date":"2024-06-06T20:39:06","date_gmt":"2024-06-06T23:39:06","guid":{"rendered":"https:\/\/codamusic.com.br\/?page_id=6114"},"modified":"2024-06-06T22:18:31","modified_gmt":"2024-06-07T01:18:31","slug":"joao-e-maria","status":"publish","type":"page","link":"https:\/\/codamusic.com.br\/en\/joao-e-maria\/","title":{"rendered":"JOAO E MARIA"},"content":{"rendered":"<div data-elementor-type=\"wp-page\" data-elementor-id=\"6114\" class=\"elementor elementor-6114\" data-elementor-settings=\"{&quot;ha_cmc_init_switcher&quot;:&quot;no&quot;}\" data-elementor-post-type=\"page\">\n\t\t\t\t<div data-particle_enable=\"false\" data-particle-mobile-disabled=\"false\" class=\"elementor-element elementor-element-701066ef e-con-full e-flex e-con e-parent\" data-id=\"701066ef\" data-element_type=\"container\" data-e-type=\"container\" data-settings=\"{&quot;background_background&quot;:&quot;classic&quot;,&quot;_ha_eqh_enable&quot;:false}\">\n\t\t\t\t<\/div>\n\t\t<div data-particle_enable=\"false\" data-particle-mobile-disabled=\"false\" class=\"elementor-element elementor-element-cbddf67 e-flex e-con-boxed e-con e-parent\" data-id=\"cbddf67\" data-element_type=\"container\" data-e-type=\"container\" data-settings=\"{&quot;_ha_eqh_enable&quot;:false}\">\n\t\t\t\t\t<div class=\"e-con-inner\">\n\t\t<div data-particle_enable=\"false\" data-particle-mobile-disabled=\"false\" class=\"elementor-element elementor-element-60302303 e-con-full e-flex e-con e-child\" data-id=\"60302303\" data-element_type=\"container\" data-e-type=\"container\" data-settings=\"{&quot;_ha_eqh_enable&quot;:false}\">\n\t\t\t\t<div class=\"elementor-element elementor-element-6d049846 elementor-blockquote--skin-boxed elementor-blockquote--align-left elementor-blockquote--button-color-official elementor-widget elementor-widget-blockquote\" data-id=\"6d049846\" data-element_type=\"widget\" data-e-type=\"widget\" data-widget_type=\"blockquote.default\">\n\t\t\t\t<div class=\"elementor-widget-container\">\n\t\t\t\t\t\t\t<blockquote class=\"elementor-blockquote\">\n\t\t\t<p class=\"elementor-blockquote__content\">\n\t\t\t\t\"Hansel and Gretel, the Musical\" offers a new and contemporary version of the classic Brothers Grimm tale. Premiering at Teatro Santander in January 2023, the show was marked by a mysterious and funny atmosphere, captivating the audience with a new interpretation of the fairy tale.\t\t\t<\/p>\n\t\t\t\t\t<\/blockquote>\n\t\t\t\t\t\t<\/div>\n\t\t\t\t<\/div>\n\t\t\t\t<\/div>\n\t\t\t\t<div class=\"elementor-element elementor-element-cf60744 elementor-widget elementor-widget-video\" data-id=\"cf60744\" data-element_type=\"widget\" data-e-type=\"widget\" data-settings=\"{&quot;youtube_url&quot;:&quot;https:\\\/\\\/youtu.be\\\/x4QffeSLpXA?si=3t65x9-tGAFRjULT&quot;,&quot;video_type&quot;:&quot;youtube&quot;,&quot;controls&quot;:&quot;yes&quot;}\" data-widget_type=\"video.default\">\n\t\t\t\t<div class=\"elementor-widget-container\">\n\t\t\t\t\t\t\t<div class=\"elementor-wrapper elementor-open-inline\">\n\t\t\t<div class=\"elementor-video\"><\/div>\t\t<\/div>\n\t\t\t\t\t\t<\/div>\n\t\t\t\t<\/div>\n\t\t\t\t\t<\/div>\n\t\t\t\t<\/div>\n\t\t<div data-particle_enable=\"false\" data-particle-mobile-disabled=\"false\" class=\"elementor-element elementor-element-4fa3450 e-flex e-con-boxed e-con e-parent\" data-id=\"4fa3450\" data-element_type=\"container\" data-e-type=\"container\" data-settings=\"{&quot;_ha_eqh_enable&quot;:false}\">\n\t\t\t\t\t<div class=\"e-con-inner\">\n\t\t<div data-particle_enable=\"false\" data-particle-mobile-disabled=\"false\" class=\"elementor-element elementor-element-4571667 e-con-full e-flex e-con e-child\" data-id=\"4571667\" data-element_type=\"container\" data-e-type=\"container\" data-settings=\"{&quot;_ha_eqh_enable&quot;:false}\">\n\t\t\t\t<div class=\"elementor-element elementor-element-9ed4fe2 elementor-widget elementor-widget-text-editor\" data-id=\"9ed4fe2\" data-element_type=\"widget\" data-e-type=\"widget\" data-widget_type=\"text-editor.default\">\n\t\t\t\t<div class=\"elementor-widget-container\">\n\t\t\t\t\t\t\t\t\t<p><span style=\"color: var( --e-global-color-text ); letter-spacing: -0.8px; text-align: var(--text-align);\"><b>THE SOUNDTRACK<\/b><\/span><\/p><p><span style=\"color: var( --e-global-color-text ); letter-spacing: -0.8px; text-align: var(--text-align);\">Fred Silveira, composer responsible for the music, arrangements and soundtrack, brought an innovative and emotional approach to the musical. His compositions are fundamental for the development of the narrative and for immersing the public in the magical and dark world of Hansel and Gretel.<\/span><br><\/p>\n<div>&nbsp;<\/div>\t\t\t\t\t\t\t\t<\/div>\n\t\t\t\t<\/div>\n\t\t\t\t<\/div>\n\t\t<div data-particle_enable=\"false\" data-particle-mobile-disabled=\"false\" class=\"elementor-element elementor-element-3eec486 e-con-full e-flex e-con e-child\" data-id=\"3eec486\" data-element_type=\"container\" data-e-type=\"container\" data-settings=\"{&quot;_ha_eqh_enable&quot;:false}\">\n\t\t\t\t<div class=\"elementor-element elementor-element-6d82c14 elementor-widget elementor-widget-image\" data-id=\"6d82c14\" data-element_type=\"widget\" data-e-type=\"widget\" data-widget_type=\"image.default\">\n\t\t\t\t<div class=\"elementor-widget-container\">\n\t\t\t\t\t\t\t\t\t\t\t\t\t\t\t<img fetchpriority=\"high\" decoding=\"async\" width=\"800\" height=\"502\" src=\"https:\/\/codamusic.com.br\/wp-content\/uploads\/2024\/06\/joao-e-maria-1-1024x643.jpeg\" class=\"attachment-large size-large wp-image-6136\" alt=\"\" srcset=\"https:\/\/codamusic.com.br\/wp-content\/uploads\/2024\/06\/joao-e-maria-1-1024x643.jpeg 1024w, https:\/\/codamusic.com.br\/wp-content\/uploads\/2024\/06\/joao-e-maria-1-300x188.jpeg 300w, https:\/\/codamusic.com.br\/wp-content\/uploads\/2024\/06\/joao-e-maria-1-768x482.jpeg 768w, https:\/\/codamusic.com.br\/wp-content\/uploads\/2024\/06\/joao-e-maria-1.jpeg 1200w\" sizes=\"(max-width: 800px) 100vw, 800px\" \/>\t\t\t\t\t\t\t\t\t\t\t\t\t\t\t<\/div>\n\t\t\t\t<\/div>\n\t\t\t\t<\/div>\n\t\t\t\t\t<\/div>\n\t\t\t\t<\/div>\n\t\t<div data-particle_enable=\"false\" data-particle-mobile-disabled=\"false\" class=\"elementor-element elementor-element-39a6574f e-flex e-con-boxed e-con e-parent\" data-id=\"39a6574f\" data-element_type=\"container\" data-e-type=\"container\" data-settings=\"{&quot;background_background&quot;:&quot;classic&quot;,&quot;_ha_eqh_enable&quot;:false}\">\n\t\t\t\t\t<div class=\"e-con-inner\">\n\t\t<div data-particle_enable=\"false\" data-particle-mobile-disabled=\"false\" class=\"elementor-element elementor-element-81085e3 e-flex e-con-boxed e-con e-child\" data-id=\"81085e3\" data-element_type=\"container\" data-e-type=\"container\" data-settings=\"{&quot;_ha_eqh_enable&quot;:false}\">\n\t\t\t\t\t<div class=\"e-con-inner\">\n\t\t<div data-particle_enable=\"false\" data-particle-mobile-disabled=\"false\" class=\"elementor-element elementor-element-c266f23 animated-slow e-con-full e-flex elementor-invisible e-con e-child\" data-id=\"c266f23\" data-element_type=\"container\" data-e-type=\"container\" data-settings=\"{&quot;animation&quot;:&quot;fadeInUp&quot;,&quot;animation_delay&quot;:150,&quot;_ha_eqh_enable&quot;:false}\">\n\t\t\t\t<div class=\"elementor-element elementor-element-5876c13 elementor-widget elementor-widget-heading\" data-id=\"5876c13\" data-element_type=\"widget\" data-e-type=\"widget\" data-widget_type=\"heading.default\">\n\t\t\t\t<div class=\"elementor-widget-container\">\n\t\t\t\t\t<h2 class=\"elementor-heading-title elementor-size-default\">Inspirations and <br>Influences<\/h2>\t\t\t\t<\/div>\n\t\t\t\t<\/div>\n\t\t\t\t<div class=\"elementor-element elementor-element-465fd45a elementor-widget elementor-widget-testimonial\" data-id=\"465fd45a\" data-element_type=\"widget\" data-e-type=\"widget\" data-widget_type=\"testimonial.default\">\n\t\t\t\t<div class=\"elementor-widget-container\">\n\t\t\t\t\t\t\t<div class=\"elementor-testimonial-wrapper\">\n\t\t\t\t\t\t\t<div class=\"elementor-testimonial-content\">Fred Silveira's soundtrack is inspired by Engelbert Humperdinck's opera \u201cHansel and Gretel\u201d (1893) and Tim Burton's cinematic style. Silveira managed to rescue the original and dark atmosphere of fairy tales, adding a hint of the contemporary world, which provides an interesting contrast between the old and the new.\n<\/div>\n\t\t\t\n\t\t\t\t\t<\/div>\n\t\t\t\t\t\t<\/div>\n\t\t\t\t<\/div>\n\t\t\t\t<\/div>\n\t\t<div data-particle_enable=\"false\" data-particle-mobile-disabled=\"false\" class=\"elementor-element elementor-element-17668b8e animated-slow e-con-full e-flex elementor-invisible e-con e-child\" data-id=\"17668b8e\" data-element_type=\"container\" data-e-type=\"container\" data-settings=\"{&quot;animation&quot;:&quot;fadeInUp&quot;,&quot;animation_delay&quot;:150,&quot;_ha_eqh_enable&quot;:false}\">\n\t\t\t\t<div class=\"elementor-element elementor-element-d1b1375 elementor-widget elementor-widget-heading\" data-id=\"d1b1375\" data-element_type=\"widget\" data-e-type=\"widget\" data-widget_type=\"heading.default\">\n\t\t\t\t<div class=\"elementor-widget-container\">\n\t\t\t\t\t<h2 class=\"elementor-heading-title elementor-size-default\">characteristics <br>MUSICAL THEATER<\/h2>\t\t\t\t<\/div>\n\t\t\t\t<\/div>\n\t\t\t\t<div class=\"elementor-element elementor-element-53267d09 elementor-widget elementor-widget-testimonial\" data-id=\"53267d09\" data-element_type=\"widget\" data-e-type=\"widget\" data-widget_type=\"testimonial.default\">\n\t\t\t\t<div class=\"elementor-widget-container\">\n\t\t\t\t\t\t\t<div class=\"elementor-testimonial-wrapper\">\n\t\t\t\t\t\t\t<div class=\"elementor-testimonial-content\">The songs created by Fred Silveira are diverse, mixing suspense and comedy. Each piece of music has been carefully composed to reflect the characters' emotions and the dramatic situations they face. From happy songs that highlight Hansel and Gretel's simple life, to tense songs that accompany moments of danger and fear, the soundtrack is a crucial element that enriches the narrative.\n<\/div>\n\t\t\t\n\t\t\t\t\t<\/div>\n\t\t\t\t\t\t<\/div>\n\t\t\t\t<\/div>\n\t\t\t\t<\/div>\n\t\t<div data-particle_enable=\"false\" data-particle-mobile-disabled=\"false\" class=\"elementor-element elementor-element-13e283b5 animated-slow e-con-full e-flex elementor-invisible e-con e-child\" data-id=\"13e283b5\" data-element_type=\"container\" data-e-type=\"container\" data-settings=\"{&quot;animation&quot;:&quot;fadeInUp&quot;,&quot;animation_delay&quot;:150,&quot;_ha_eqh_enable&quot;:false}\">\n\t\t\t\t<div class=\"elementor-element elementor-element-7188863 elementor-widget elementor-widget-heading\" data-id=\"7188863\" data-element_type=\"widget\" data-e-type=\"widget\" data-widget_type=\"heading.default\">\n\t\t\t\t<div class=\"elementor-widget-container\">\n\t\t\t\t\t<h2 class=\"elementor-heading-title elementor-size-default\">INTEGRATION <br>WITH THE SCENE<\/h2>\t\t\t\t<\/div>\n\t\t\t\t<\/div>\n\t\t\t\t<div class=\"elementor-element elementor-element-12b1fd89 elementor-widget elementor-widget-testimonial\" data-id=\"12b1fd89\" data-element_type=\"widget\" data-e-type=\"widget\" data-widget_type=\"testimonial.default\">\n\t\t\t\t<div class=\"elementor-widget-container\">\n\t\t\t\t\t\t\t<div class=\"elementor-testimonial-wrapper\">\n\t\t\t\t\t\t\t<div class=\"elementor-testimonial-content\">Fred Silveira's songs and arrangements were perfectly integrated with Mariana Barros' choreography and Willian Sancar's musical direction, creating a complete theatrical experience. The music not only accompanies the action, but also guides and intensifies it, contributing to the construction of an engaging and memorable show.\n<div><br><\/div><\/div>\n\t\t\t\n\t\t\t\t\t<\/div>\n\t\t\t\t\t\t<\/div>\n\t\t\t\t<\/div>\n\t\t\t\t<\/div>\n\t\t\t\t\t<\/div>\n\t\t\t\t<\/div>\n\t\t\t\t\t<\/div>\n\t\t\t\t<\/div>\n\t\t<div data-particle_enable=\"false\" data-particle-mobile-disabled=\"false\" class=\"elementor-element elementor-element-eda7137 e-flex e-con-boxed e-con e-parent\" data-id=\"eda7137\" data-element_type=\"container\" data-e-type=\"container\" data-settings=\"{&quot;background_background&quot;:&quot;classic&quot;,&quot;_ha_eqh_enable&quot;:false}\">\n\t\t\t\t\t<div class=\"e-con-inner\">\n\t\t\t\t<div class=\"elementor-element elementor-element-7043a71 elementor-widget elementor-widget-heading\" data-id=\"7043a71\" data-element_type=\"widget\" data-e-type=\"widget\" data-widget_type=\"heading.default\">\n\t\t\t\t<div class=\"elementor-widget-container\">\n\t\t\t\t\t<h2 class=\"elementor-heading-title elementor-size-default\">PLAYLIST<\/h2>\t\t\t\t<\/div>\n\t\t\t\t<\/div>\n\t\t\t\t<div class=\"elementor-element elementor-element-ad95826 elementor-widget elementor-widget-html\" data-id=\"ad95826\" data-element_type=\"widget\" data-e-type=\"widget\" data-widget_type=\"html.default\">\n\t\t\t\t<div class=\"elementor-widget-container\">\n\t\t\t\t\t<iframe style=\"border-radius:12px\" data-src=\"https:\/\/open.spotify.com\/embed\/album\/1bMdesb0yMGyLk5IN5mfZL?utm_source=generator\" width=\"100%\" height=\"352\" frameborder=\"0\" allowfullscreen=\"\" allow=\"autoplay; clipboard-write; encrypted-media; fullscreen; picture-in-picture\" loading=\"lazy\" src=\"data:image\/gif;base64,R0lGODlhAQABAAAAACH5BAEKAAEALAAAAAABAAEAAAICTAEAOw==\" class=\"lazyload\" data-load-mode=\"1\"><\/iframe>\t\t\t\t<\/div>\n\t\t\t\t<\/div>\n\t\t\t\t\t<\/div>\n\t\t\t\t<\/div>\n\t\t\t\t<\/div>","protected":false},"excerpt":{"rendered":"<p>&#8220;Jo\u00e3o e Maria, o Musical&#8221; oferece uma vers\u00e3o in\u00e9dita e contempor\u00e2nea do cl\u00e1ssico conto dos Irm\u00e3os Grimm. Estreando no Teatro Santander em janeiro de 2023, o espet\u00e1culo foi marcado por uma atmosfera misteriosa e engra\u00e7ada, cativando o p\u00fablico com uma nova interpreta\u00e7\u00e3o do conto de fadas. https:\/\/youtu.be\/x4QffeSLpXA?si=3t65x9-tGAFRjULT A TRILHA SONORA Fred Silveira, compositor respons\u00e1vel pela [&hellip;]<\/p>","protected":false},"author":1,"featured_media":0,"parent":0,"menu_order":0,"comment_status":"closed","ping_status":"closed","template":"elementor_header_footer","meta":{"footnotes":""},"class_list":["post-6114","page","type-page","status-publish","hentry"],"_links":{"self":[{"href":"https:\/\/codamusic.com.br\/en\/wp-json\/wp\/v2\/pages\/6114","targetHints":{"allow":["GET"]}}],"collection":[{"href":"https:\/\/codamusic.com.br\/en\/wp-json\/wp\/v2\/pages"}],"about":[{"href":"https:\/\/codamusic.com.br\/en\/wp-json\/wp\/v2\/types\/page"}],"author":[{"embeddable":true,"href":"https:\/\/codamusic.com.br\/en\/wp-json\/wp\/v2\/users\/1"}],"replies":[{"embeddable":true,"href":"https:\/\/codamusic.com.br\/en\/wp-json\/wp\/v2\/comments?post=6114"}],"version-history":[{"count":34,"href":"https:\/\/codamusic.com.br\/en\/wp-json\/wp\/v2\/pages\/6114\/revisions"}],"predecessor-version":[{"id":6169,"href":"https:\/\/codamusic.com.br\/en\/wp-json\/wp\/v2\/pages\/6114\/revisions\/6169"}],"wp:attachment":[{"href":"https:\/\/codamusic.com.br\/en\/wp-json\/wp\/v2\/media?parent=6114"}],"curies":[{"name":"wp","href":"https:\/\/api.w.org\/{rel}","templated":true}]}}