{"id":6170,"date":"2024-06-06T22:49:36","date_gmt":"2024-06-07T01:49:36","guid":{"rendered":"https:\/\/codamusic.com.br\/?page_id=6170"},"modified":"2024-06-10T16:13:14","modified_gmt":"2024-06-10T19:13:14","slug":"pacarrete","status":"publish","type":"page","link":"https:\/\/codamusic.com.br\/en\/pacarrete\/","title":{"rendered":"PACARRETE"},"content":{"rendered":"<div data-elementor-type=\"wp-page\" data-elementor-id=\"6170\" class=\"elementor elementor-6170\" data-elementor-settings=\"{&quot;ha_cmc_init_switcher&quot;:&quot;no&quot;}\" data-elementor-post-type=\"page\">\n\t\t\t\t<div data-particle_enable=\"false\" data-particle-mobile-disabled=\"false\" class=\"elementor-element elementor-element-701066ef e-con-full e-flex e-con e-parent\" data-id=\"701066ef\" data-element_type=\"container\" data-e-type=\"container\" data-settings=\"{&quot;background_background&quot;:&quot;classic&quot;,&quot;_ha_eqh_enable&quot;:false}\">\n\t\t\t\t<\/div>\n\t\t<div data-particle_enable=\"false\" data-particle-mobile-disabled=\"false\" class=\"elementor-element elementor-element-cbddf67 e-flex e-con-boxed e-con e-parent\" data-id=\"cbddf67\" data-element_type=\"container\" data-e-type=\"container\" data-settings=\"{&quot;_ha_eqh_enable&quot;:false}\">\n\t\t\t\t\t<div class=\"e-con-inner\">\n\t\t<div data-particle_enable=\"false\" data-particle-mobile-disabled=\"false\" class=\"elementor-element elementor-element-60302303 e-con-full e-flex e-con e-child\" data-id=\"60302303\" data-element_type=\"container\" data-e-type=\"container\" data-settings=\"{&quot;_ha_eqh_enable&quot;:false}\">\n\t\t\t\t<div class=\"elementor-element elementor-element-6d049846 elementor-blockquote--skin-boxed elementor-blockquote--align-left elementor-blockquote--button-color-official elementor-widget elementor-widget-blockquote\" data-id=\"6d049846\" data-element_type=\"widget\" data-e-type=\"widget\" data-widget_type=\"blockquote.default\">\n\t\t\t\t<div class=\"elementor-widget-container\">\n\t\t\t\t\t\t\t<blockquote class=\"elementor-blockquote\">\n\t\t\t<p class=\"elementor-blockquote__content\">\n\t\t\t\tFred's soundtrack for \"Pacarrete\" stands out as a meticulous composition that enhances the film's ambiance. Comprising 13 tracks and spanning 26 minutes in total, each piece is intricately designed to mirror the emotional journey of the protagonist and capture pivotal moments throughout the storyline.\t\t\t<\/p>\n\t\t\t\t\t<\/blockquote>\n\t\t\t\t\t\t<\/div>\n\t\t\t\t<\/div>\n\t\t\t\t<\/div>\n\t\t\t\t<div class=\"elementor-element elementor-element-cf60744 elementor-widget elementor-widget-video\" data-id=\"cf60744\" data-element_type=\"widget\" data-e-type=\"widget\" data-settings=\"{&quot;youtube_url&quot;:&quot;https:\\\/\\\/youtu.be\\\/J414mkEnDf0?si=yakNwiQln98jS5xW&quot;,&quot;video_type&quot;:&quot;youtube&quot;,&quot;controls&quot;:&quot;yes&quot;}\" data-widget_type=\"video.default\">\n\t\t\t\t<div class=\"elementor-widget-container\">\n\t\t\t\t\t\t\t<div class=\"elementor-wrapper elementor-open-inline\">\n\t\t\t<div class=\"elementor-video\"><\/div>\t\t<\/div>\n\t\t\t\t\t\t<\/div>\n\t\t\t\t<\/div>\n\t\t\t\t\t<\/div>\n\t\t\t\t<\/div>\n\t\t<div data-particle_enable=\"false\" data-particle-mobile-disabled=\"false\" class=\"elementor-element elementor-element-4fa3450 e-flex e-con-boxed e-con e-parent\" data-id=\"4fa3450\" data-element_type=\"container\" data-e-type=\"container\" data-settings=\"{&quot;_ha_eqh_enable&quot;:false}\">\n\t\t\t\t\t<div class=\"e-con-inner\">\n\t\t<div data-particle_enable=\"false\" data-particle-mobile-disabled=\"false\" class=\"elementor-element elementor-element-4571667 e-con-full e-flex e-con e-child\" data-id=\"4571667\" data-element_type=\"container\" data-e-type=\"container\" data-settings=\"{&quot;_ha_eqh_enable&quot;:false}\">\n\t\t\t\t<div class=\"elementor-element elementor-element-f041bfa elementor-widget elementor-widget-text-editor\" data-id=\"f041bfa\" data-element_type=\"widget\" data-e-type=\"widget\" data-widget_type=\"text-editor.default\">\n\t\t\t\t<div class=\"elementor-widget-container\">\n\t\t\t\t\t\t\t\t\t<p><b>RECOGNITION<\/b><\/p><p>The soundtrack for \u201cPacarrete\u201d received critical praise and competed for the Best Soundtrack Award at the 2021 Brazilian Cinema Grand Prix and at the 26th Guarani Awards. This recognition highlights Fred Silveira's ability to capture and amplify the emotional essence of the film through his music.<\/p>\t\t\t\t\t\t\t\t<\/div>\n\t\t\t\t<\/div>\n\t\t\t\t<\/div>\n\t\t<div data-particle_enable=\"false\" data-particle-mobile-disabled=\"false\" class=\"elementor-element elementor-element-3eec486 e-con-full e-flex e-con e-child\" data-id=\"3eec486\" data-element_type=\"container\" data-e-type=\"container\" data-settings=\"{&quot;_ha_eqh_enable&quot;:false}\">\n\t\t\t\t<div class=\"elementor-element elementor-element-6d82c14 elementor-widget elementor-widget-image\" data-id=\"6d82c14\" data-element_type=\"widget\" data-e-type=\"widget\" data-widget_type=\"image.default\">\n\t\t\t\t<div class=\"elementor-widget-container\">\n\t\t\t\t\t\t\t\t\t\t\t\t\t\t\t<img fetchpriority=\"high\" decoding=\"async\" width=\"800\" height=\"534\" src=\"https:\/\/codamusic.com.br\/wp-content\/uploads\/2024\/06\/Trofeu-Grande-Otelo-2021-scaled-1-1024x683.jpg\" class=\"attachment-large size-large wp-image-6183\" alt=\"\" srcset=\"https:\/\/codamusic.com.br\/wp-content\/uploads\/2024\/06\/Trofeu-Grande-Otelo-2021-scaled-1-1024x683.jpg 1024w, https:\/\/codamusic.com.br\/wp-content\/uploads\/2024\/06\/Trofeu-Grande-Otelo-2021-scaled-1-300x200.jpg 300w, https:\/\/codamusic.com.br\/wp-content\/uploads\/2024\/06\/Trofeu-Grande-Otelo-2021-scaled-1-768x512.jpg 768w, https:\/\/codamusic.com.br\/wp-content\/uploads\/2024\/06\/Trofeu-Grande-Otelo-2021-scaled-1-1536x1024.jpg 1536w, https:\/\/codamusic.com.br\/wp-content\/uploads\/2024\/06\/Trofeu-Grande-Otelo-2021-scaled-1-2048x1366.jpg 2048w\" sizes=\"(max-width: 800px) 100vw, 800px\" \/>\t\t\t\t\t\t\t\t\t\t\t\t\t\t\t<\/div>\n\t\t\t\t<\/div>\n\t\t\t\t<\/div>\n\t\t\t\t\t<\/div>\n\t\t\t\t<\/div>\n\t\t<div data-particle_enable=\"false\" data-particle-mobile-disabled=\"false\" class=\"elementor-element elementor-element-eda7137 e-flex e-con-boxed e-con e-parent\" data-id=\"eda7137\" data-element_type=\"container\" data-e-type=\"container\" data-settings=\"{&quot;background_background&quot;:&quot;classic&quot;,&quot;_ha_eqh_enable&quot;:false}\">\n\t\t\t\t\t<div class=\"e-con-inner\">\n\t\t\t\t<div class=\"elementor-element elementor-element-7043a71 elementor-widget elementor-widget-heading\" data-id=\"7043a71\" data-element_type=\"widget\" data-e-type=\"widget\" data-widget_type=\"heading.default\">\n\t\t\t\t<div class=\"elementor-widget-container\">\n\t\t\t\t\t<h2 class=\"elementor-heading-title elementor-size-default\">PLAYLIST<\/h2>\t\t\t\t<\/div>\n\t\t\t\t<\/div>\n\t\t<div data-particle_enable=\"false\" data-particle-mobile-disabled=\"false\" class=\"elementor-element elementor-element-aca822f e-flex e-con-boxed e-con e-child\" data-id=\"aca822f\" data-element_type=\"container\" data-e-type=\"container\" data-settings=\"{&quot;background_background&quot;:&quot;classic&quot;,&quot;_ha_eqh_enable&quot;:false}\">\n\t\t\t\t\t<div class=\"e-con-inner\">\n\t\t\t\t<div class=\"elementor-element elementor-element-4791684 elementor-widget elementor-widget-heading\" data-id=\"4791684\" data-element_type=\"widget\" data-e-type=\"widget\" data-widget_type=\"heading.default\">\n\t\t\t\t<div class=\"elementor-widget-container\">\n\t\t\t\t\t<h2 class=\"elementor-heading-title elementor-size-default\">Soundtrack for the film Pacarrete<\/h2>\t\t\t\t<\/div>\n\t\t\t\t<\/div>\n\t\t\t\t<div class=\"elementor-element elementor-element-a4f1269 elementor-widget elementor-widget-html\" data-id=\"a4f1269\" data-element_type=\"widget\" data-e-type=\"widget\" data-widget_type=\"html.default\">\n\t\t\t\t<div class=\"elementor-widget-container\">\n\t\t\t\t\t<iframe style=\"border-radius:12px\" data-src=\"https:\/\/open.spotify.com\/embed\/album\/6tHqg55v9UjaB2gqxqPz6T?utm_source=generator&theme=0\" width=\"100%\" height=\"352\" frameborder=\"0\" allowfullscreen=\"\" allow=\"autoplay; clipboard-write; encrypted-media; fullscreen; picture-in-picture\" loading=\"lazy\" src=\"data:image\/gif;base64,R0lGODlhAQABAAAAACH5BAEKAAEALAAAAAABAAEAAAICTAEAOw==\" class=\"lazyload\" data-load-mode=\"1\"><\/iframe>\t\t\t\t<\/div>\n\t\t\t\t<\/div>\n\t\t\t\t\t<\/div>\n\t\t\t\t<\/div>\n\t\t\t\t\t<\/div>\n\t\t\t\t<\/div>\n\t\t\t\t<\/div>","protected":false},"excerpt":{"rendered":"<p>Fred criou uma trilha sonora que complementa perfeitamente a atmosfera do filme. Lan\u00e7ada em 2019, a trilha sonora de &#8220;Pacarrete&#8221; \u00e9 composta por 13 faixas e tem uma dura\u00e7\u00e3o total de 26 minutos. Cada faixa foi cuidadosamente elaborada para refletir os estados emocionais da protagonista e os diversos momentos da trama . https:\/\/youtu.be\/J414mkEnDf0?si=yakNwiQln98jS5xW RECONHECIMENTO A [&hellip;]<\/p>","protected":false},"author":1,"featured_media":0,"parent":0,"menu_order":0,"comment_status":"closed","ping_status":"closed","template":"elementor_header_footer","meta":{"footnotes":""},"class_list":["post-6170","page","type-page","status-publish","hentry"],"_links":{"self":[{"href":"https:\/\/codamusic.com.br\/en\/wp-json\/wp\/v2\/pages\/6170","targetHints":{"allow":["GET"]}}],"collection":[{"href":"https:\/\/codamusic.com.br\/en\/wp-json\/wp\/v2\/pages"}],"about":[{"href":"https:\/\/codamusic.com.br\/en\/wp-json\/wp\/v2\/types\/page"}],"author":[{"embeddable":true,"href":"https:\/\/codamusic.com.br\/en\/wp-json\/wp\/v2\/users\/1"}],"replies":[{"embeddable":true,"href":"https:\/\/codamusic.com.br\/en\/wp-json\/wp\/v2\/comments?post=6170"}],"version-history":[{"count":28,"href":"https:\/\/codamusic.com.br\/en\/wp-json\/wp\/v2\/pages\/6170\/revisions"}],"predecessor-version":[{"id":6205,"href":"https:\/\/codamusic.com.br\/en\/wp-json\/wp\/v2\/pages\/6170\/revisions\/6205"}],"wp:attachment":[{"href":"https:\/\/codamusic.com.br\/en\/wp-json\/wp\/v2\/media?parent=6170"}],"curies":[{"name":"wp","href":"https:\/\/api.w.org\/{rel}","templated":true}]}}