{"id":6352,"date":"2024-06-12T16:33:53","date_gmt":"2024-06-12T19:33:53","guid":{"rendered":"https:\/\/codamusic.com.br\/?page_id=6352"},"modified":"2024-12-07T19:02:03","modified_gmt":"2024-12-07T22:02:03","slug":"paraiso-2","status":"publish","type":"page","link":"https:\/\/codamusic.com.br\/en\/paraiso-2\/","title":{"rendered":"PARA\u00cdSO"},"content":{"rendered":"<div data-elementor-type=\"wp-page\" data-elementor-id=\"6352\" class=\"elementor elementor-6352\" data-elementor-settings=\"{&quot;ha_cmc_init_switcher&quot;:&quot;no&quot;}\" data-elementor-post-type=\"page\">\n\t\t\t\t<div data-particle_enable=\"false\" data-particle-mobile-disabled=\"false\" class=\"elementor-element elementor-element-701066ef e-flex e-con-boxed e-con e-parent\" data-id=\"701066ef\" data-element_type=\"container\" data-e-type=\"container\" data-settings=\"{&quot;background_background&quot;:&quot;classic&quot;,&quot;_ha_eqh_enable&quot;:false}\">\n\t\t\t\t\t<div class=\"e-con-inner\">\n\t\t<div data-particle_enable=\"false\" data-particle-mobile-disabled=\"false\" class=\"elementor-element elementor-element-3884fa30 e-con-full e-flex e-con e-child\" data-id=\"3884fa30\" data-element_type=\"container\" data-e-type=\"container\" data-settings=\"{&quot;background_background&quot;:&quot;classic&quot;,&quot;_ha_eqh_enable&quot;:false}\">\n\t\t\t\t<div class=\"elementor-element elementor-element-70a413d4 elementor-widget__width-auto elementor-cta--skin-classic elementor-animated-content elementor-bg-transform elementor-bg-transform-zoom-in ha-has-bg-overlay elementor-widget elementor-widget-call-to-action\" data-id=\"70a413d4\" data-element_type=\"widget\" data-e-type=\"widget\" data-settings=\"{&quot;_animation&quot;:&quot;none&quot;}\" data-widget_type=\"call-to-action.default\">\n\t\t\t\t<div class=\"elementor-widget-container\">\n\t\t\t\t\t\t\t<div class=\"elementor-cta\">\n\t\t\t\t\t\t\t<div class=\"elementor-cta__content\">\n\t\t\t\t\n\t\t\t\t\n\t\t\t\t\t\t\t\t\t<div class=\"elementor-cta__description elementor-cta__content-item elementor-content-item\">\n\t\t\t\t\t\tThe Sound Identity project developed for the High School <b>Para\u00edso of Juazeiro do Norte<\/b> aims to strengthen institutional identity and create an emotional connection with students, parents and the school community. Using unique and characteristic sound elements, such as jingles and personalized sound effects, the sound identity complements the institution's visual communication. This project highlights Col\u00e9gio Para\u00edso's commitment to innovation and educational excellence, reflecting its values \u200b\u200band promoting a welcoming and stimulating environment for learning.\t\t\t\t\t<\/div>\n\t\t\t\t\n\t\t\t\t\t\t\t<\/div>\n\t\t\t\t\t\t<\/div>\n\t\t\t\t\t\t<\/div>\n\t\t\t\t<\/div>\n\t\t\t\t<\/div>\n\t\t<div data-particle_enable=\"false\" data-particle-mobile-disabled=\"false\" class=\"elementor-element elementor-element-3f02d681 e-con-full e-flex e-con e-child\" data-id=\"3f02d681\" data-element_type=\"container\" data-e-type=\"container\" data-settings=\"{&quot;background_background&quot;:&quot;classic&quot;,&quot;_ha_eqh_enable&quot;:false}\">\n\t\t\t\t<div class=\"elementor-element elementor-element-4788b66 elementor-widget elementor-widget-image\" data-id=\"4788b66\" data-element_type=\"widget\" data-e-type=\"widget\" data-widget_type=\"image.default\">\n\t\t\t\t<div class=\"elementor-widget-container\">\n\t\t\t\t\t\t\t\t\t\t\t\t\t\t\t<img fetchpriority=\"high\" decoding=\"async\" width=\"800\" height=\"489\" src=\"https:\/\/codamusic.com.br\/wp-content\/uploads\/2024\/04\/logos-04-1024x626.png\" class=\"attachment-large size-large wp-image-3662\" alt=\"\" srcset=\"https:\/\/codamusic.com.br\/wp-content\/uploads\/2024\/04\/logos-04-1024x626.png 1024w, https:\/\/codamusic.com.br\/wp-content\/uploads\/2024\/04\/logos-04-300x183.png 300w, https:\/\/codamusic.com.br\/wp-content\/uploads\/2024\/04\/logos-04-768x469.png 768w, https:\/\/codamusic.com.br\/wp-content\/uploads\/2024\/04\/logos-04-1536x939.png 1536w, https:\/\/codamusic.com.br\/wp-content\/uploads\/2024\/04\/logos-04-2048x1252.png 2048w, https:\/\/codamusic.com.br\/wp-content\/uploads\/2024\/04\/logos-04-1568x958.png 1568w\" sizes=\"(max-width: 800px) 100vw, 800px\" \/>\t\t\t\t\t\t\t\t\t\t\t\t\t\t\t<\/div>\n\t\t\t\t<\/div>\n\t\t\t\t<\/div>\n\t\t\t\t\t<\/div>\n\t\t\t\t<\/div>\n\t\t<div data-particle_enable=\"false\" data-particle-mobile-disabled=\"false\" class=\"elementor-element elementor-element-cbddf67 e-flex e-con-boxed e-con e-parent\" data-id=\"cbddf67\" data-element_type=\"container\" data-e-type=\"container\" data-settings=\"{&quot;_ha_eqh_enable&quot;:false}\">\n\t\t\t\t\t<div class=\"e-con-inner\">\n\t\t\t\t<div class=\"elementor-element elementor-element-cf60744 elementor-widget elementor-widget-video\" data-id=\"cf60744\" data-element_type=\"widget\" data-e-type=\"widget\" data-settings=\"{&quot;video_type&quot;:&quot;hosted&quot;,&quot;controls&quot;:&quot;yes&quot;}\" data-widget_type=\"video.default\">\n\t\t\t\t<div class=\"elementor-widget-container\">\n\t\t\t\t\t\t\t<div class=\"e-hosted-video elementor-wrapper elementor-open-inline\">\n\t\t\t\t\t<video class=\"elementor-video\" src=\"https:\/\/codamusic.com.br\/wp-content\/uploads\/2024\/04\/Sonic-Movie-Brand-UNAERP.mp4\" controls=\"\" preload=\"metadata\" controlslist=\"nodownload\"><\/video>\n\t\t\t\t<\/div>\n\t\t\t\t\t\t<\/div>\n\t\t\t\t<\/div>\n\t\t<div data-particle_enable=\"false\" data-particle-mobile-disabled=\"false\" class=\"elementor-element elementor-element-60302303 e-con-full e-flex e-con e-child\" data-id=\"60302303\" data-element_type=\"container\" data-e-type=\"container\" data-settings=\"{&quot;_ha_eqh_enable&quot;:false}\">\n\t\t\t\t<div class=\"elementor-element elementor-element-6d049846 elementor-blockquote--skin-boxed elementor-blockquote--align-left elementor-blockquote--button-color-official elementor-widget elementor-widget-blockquote\" data-id=\"6d049846\" data-element_type=\"widget\" data-e-type=\"widget\" data-widget_type=\"blockquote.default\">\n\t\t\t\t<div class=\"elementor-widget-container\">\n\t\t\t\t\t\t\t<blockquote class=\"elementor-blockquote\">\n\t\t\t<p class=\"elementor-blockquote__content\">\n\t\t\t\tUnaerp's sound logo represents the brand's attributes: Inspiration, interaction, innovation and impact with a growing and dynamic melody.\t\t\t<\/p>\n\t\t\t\t\t<\/blockquote>\n\t\t\t\t\t\t<\/div>\n\t\t\t\t<\/div>\n\t\t\t\t<\/div>\n\t\t\t\t\t<\/div>\n\t\t\t\t<\/div>\n\t\t<div data-particle_enable=\"false\" data-particle-mobile-disabled=\"false\" class=\"elementor-element elementor-element-27b89871 e-flex e-con-boxed e-con e-parent\" data-id=\"27b89871\" data-element_type=\"container\" data-e-type=\"container\" data-settings=\"{&quot;_ha_eqh_enable&quot;:false}\">\n\t\t\t\t\t<div class=\"e-con-inner\">\n\t\t<div data-particle_enable=\"false\" data-particle-mobile-disabled=\"false\" class=\"elementor-element elementor-element-4ba3d16e e-con-full e-flex e-con e-child\" data-id=\"4ba3d16e\" data-element_type=\"container\" data-e-type=\"container\" data-settings=\"{&quot;_ha_eqh_enable&quot;:false}\">\n\t\t\t\t<div class=\"elementor-element elementor-element-440b6b06 elementor-widget-laptop__width-initial elementor-widget elementor-widget-heading\" data-id=\"440b6b06\" data-element_type=\"widget\" data-e-type=\"widget\" data-widget_type=\"heading.default\">\n\t\t\t\t<div class=\"elementor-widget-container\">\n\t\t\t\t\t<span class=\"elementor-heading-title elementor-size-default\">THE PATH OF AN EDUCATOR<\/span>\t\t\t\t<\/div>\n\t\t\t\t<\/div>\n\t\t\t\t<div class=\"elementor-element elementor-element-591f619 elementor-widget-laptop__width-initial elementor-widget elementor-widget-text-editor\" data-id=\"591f619\" data-element_type=\"widget\" data-e-type=\"widget\" data-widget_type=\"text-editor.default\">\n\t\t\t\t<div class=\"elementor-widget-container\">\n\t\t\t\t\t\t\t\t\t<p>Our sound identity at UNAERP sought to reflect and synthesize the trajectory of Mr. Electro Bonini. The choice of a symphonic piece was a way of, through the different sound timbres that an orchestra can offer, telling the story of the man and the institution that worked and still works as the \u201clight\u201d and \u201cbeacon\u201d for different generations.<\/p><p>The video above is the complete piece and the video on the right is the Sonic logo that accompanies the brand's vignette.<\/p>\t\t\t\t\t\t\t\t<\/div>\n\t\t\t\t<\/div>\n\t\t\t\t<\/div>\n\t\t<div data-particle_enable=\"false\" data-particle-mobile-disabled=\"false\" class=\"elementor-element elementor-element-2b407494 e-flex e-con-boxed e-con e-child\" data-id=\"2b407494\" data-element_type=\"container\" data-e-type=\"container\" data-settings=\"{&quot;background_background&quot;:&quot;classic&quot;,&quot;_ha_eqh_enable&quot;:false}\">\n\t\t\t\t\t<div class=\"e-con-inner\">\n\t\t\t\t<div class=\"elementor-element elementor-element-6e2b7bc8 elementor-widget__width-auto ha-has-bg-overlay elementor-widget elementor-widget-heading\" data-id=\"6e2b7bc8\" data-element_type=\"widget\" data-e-type=\"widget\" data-widget_type=\"heading.default\">\n\t\t\t\t<div class=\"elementor-widget-container\">\n\t\t\t\t\t<div class=\"elementor-heading-title elementor-size-default\">MOTION LOGO<\/div>\t\t\t\t<\/div>\n\t\t\t\t<\/div>\n\t\t\t\t<div class=\"elementor-element elementor-element-bd14ddb elementor-widget elementor-widget-video\" data-id=\"bd14ddb\" data-element_type=\"widget\" data-e-type=\"widget\" data-settings=\"{&quot;video_type&quot;:&quot;hosted&quot;,&quot;controls&quot;:&quot;yes&quot;}\" data-widget_type=\"video.default\">\n\t\t\t\t<div class=\"elementor-widget-container\">\n\t\t\t\t\t\t\t<div class=\"e-hosted-video elementor-wrapper elementor-open-inline\">\n\t\t\t\t\t<video class=\"elementor-video\" src=\"https:\/\/codamusic.com.br\/wp-content\/uploads\/2024\/04\/vinheta-nova-unaerp.mp4\" controls=\"\" preload=\"metadata\" controlslist=\"nodownload\"><\/video>\n\t\t\t\t<\/div>\n\t\t\t\t\t\t<\/div>\n\t\t\t\t<\/div>\n\t\t\t\t\t<\/div>\n\t\t\t\t<\/div>\n\t\t\t\t\t<\/div>\n\t\t\t\t<\/div>\n\t\t\t\t<\/div>","protected":false},"excerpt":{"rendered":"<p>O projeto de Identidade Sonora desenvolvido para o Col\u00e9gio Para\u00edso de Juazeiro do Norte visa fortalecer a identidade institucional e criar uma conex\u00e3o emocional com alunos, pais e a comunidade escolar. Utilizando elementos sonoros \u00fanicos e caracter\u00edsticos, como jingles e efeitos sonoros personalizados, a identidade sonora complementa a comunica\u00e7\u00e3o visual da institui\u00e7\u00e3o. Este projeto destaca [&hellip;]<\/p>","protected":false},"author":1,"featured_media":0,"parent":0,"menu_order":0,"comment_status":"closed","ping_status":"closed","template":"elementor_header_footer","meta":{"footnotes":""},"class_list":["post-6352","page","type-page","status-publish","hentry"],"_links":{"self":[{"href":"https:\/\/codamusic.com.br\/en\/wp-json\/wp\/v2\/pages\/6352","targetHints":{"allow":["GET"]}}],"collection":[{"href":"https:\/\/codamusic.com.br\/en\/wp-json\/wp\/v2\/pages"}],"about":[{"href":"https:\/\/codamusic.com.br\/en\/wp-json\/wp\/v2\/types\/page"}],"author":[{"embeddable":true,"href":"https:\/\/codamusic.com.br\/en\/wp-json\/wp\/v2\/users\/1"}],"replies":[{"embeddable":true,"href":"https:\/\/codamusic.com.br\/en\/wp-json\/wp\/v2\/comments?post=6352"}],"version-history":[{"count":8,"href":"https:\/\/codamusic.com.br\/en\/wp-json\/wp\/v2\/pages\/6352\/revisions"}],"predecessor-version":[{"id":6899,"href":"https:\/\/codamusic.com.br\/en\/wp-json\/wp\/v2\/pages\/6352\/revisions\/6899"}],"wp:attachment":[{"href":"https:\/\/codamusic.com.br\/en\/wp-json\/wp\/v2\/media?parent=6352"}],"curies":[{"name":"wp","href":"https:\/\/api.w.org\/{rel}","templated":true}]}}