{"id":6589,"date":"2024-06-24T11:31:10","date_gmt":"2024-06-24T14:31:10","guid":{"rendered":"https:\/\/codamusic.com.br\/?page_id=6589"},"modified":"2024-06-24T12:01:38","modified_gmt":"2024-06-24T15:01:38","slug":"todas-as-petalas-que-chorei-por-voce","status":"publish","type":"page","link":"https:\/\/codamusic.com.br\/en\/todas-as-petalas-que-chorei-por-voce\/","title":{"rendered":"ALL THE PETALS I CRIED FOR YOU"},"content":{"rendered":"<div data-elementor-type=\"wp-page\" data-elementor-id=\"6589\" class=\"elementor elementor-6589\" data-elementor-settings=\"{&quot;ha_cmc_init_switcher&quot;:&quot;no&quot;}\" data-elementor-post-type=\"page\">\n\t\t\t\t<div data-particle_enable=\"false\" data-particle-mobile-disabled=\"false\" class=\"elementor-element elementor-element-701066ef e-con-full e-flex e-con e-parent\" data-id=\"701066ef\" data-element_type=\"container\" data-e-type=\"container\" data-settings=\"{&quot;background_background&quot;:&quot;classic&quot;,&quot;_ha_eqh_enable&quot;:false}\">\n\t\t\t\t<\/div>\n\t\t<div data-particle_enable=\"false\" data-particle-mobile-disabled=\"false\" class=\"elementor-element elementor-element-cbddf67 e-flex e-con-boxed e-con e-parent\" data-id=\"cbddf67\" data-element_type=\"container\" data-e-type=\"container\" data-settings=\"{&quot;_ha_eqh_enable&quot;:false}\">\n\t\t\t\t\t<div class=\"e-con-inner\">\n\t\t<div data-particle_enable=\"false\" data-particle-mobile-disabled=\"false\" class=\"elementor-element elementor-element-60302303 e-con-full e-flex e-con e-child\" data-id=\"60302303\" data-element_type=\"container\" data-e-type=\"container\" data-settings=\"{&quot;_ha_eqh_enable&quot;:false}\">\n\t\t\t\t<div class=\"elementor-element elementor-element-6d049846 elementor-blockquote--skin-boxed elementor-blockquote--align-left elementor-blockquote--button-color-official elementor-widget elementor-widget-blockquote\" data-id=\"6d049846\" data-element_type=\"widget\" data-e-type=\"widget\" data-widget_type=\"blockquote.default\">\n\t\t\t\t<div class=\"elementor-widget-container\">\n\t\t\t\t\t\t\t<blockquote class=\"elementor-blockquote\">\n\t\t\t<p class=\"elementor-blockquote__content\">\n\t\t\t\tThe play \"Todas as P\u00e9talas que Criei por Voc\u00ea\" addresses the complexity of romantic relationships through three female characters: Maria Eduarda, Maria Helena and Maria Fernanda. The work, written by Thereza Andrada and directed by Renata Ricci, explores themes such as feminine sensitivity, empowerment and the deconstruction of romantic love. With an initial season online and great public response, the play returns to the stage at Teatro WeDo! in an On Demand format.\t\t\t<\/p>\n\t\t\t\t\t<\/blockquote>\n\t\t\t\t\t\t<\/div>\n\t\t\t\t<\/div>\n\t\t\t\t<\/div>\n\t\t\t\t<div class=\"elementor-element elementor-element-f010edf elementor-widget elementor-widget-image\" data-id=\"f010edf\" data-element_type=\"widget\" data-e-type=\"widget\" data-widget_type=\"image.default\">\n\t\t\t\t<div class=\"elementor-widget-container\">\n\t\t\t\t\t\t\t\t\t\t\t\t\t\t\t<img fetchpriority=\"high\" decoding=\"async\" width=\"800\" height=\"595\" src=\"https:\/\/codamusic.com.br\/wp-content\/uploads\/2024\/06\/todas-as-petalas-3-1024x762.jpg\" class=\"attachment-large size-large wp-image-6615\" alt=\"\" srcset=\"https:\/\/codamusic.com.br\/wp-content\/uploads\/2024\/06\/todas-as-petalas-3-1024x762.jpg 1024w, https:\/\/codamusic.com.br\/wp-content\/uploads\/2024\/06\/todas-as-petalas-3-300x223.jpg 300w, https:\/\/codamusic.com.br\/wp-content\/uploads\/2024\/06\/todas-as-petalas-3-768x571.jpg 768w, https:\/\/codamusic.com.br\/wp-content\/uploads\/2024\/06\/todas-as-petalas-3-16x12.jpg 16w, https:\/\/codamusic.com.br\/wp-content\/uploads\/2024\/06\/todas-as-petalas-3.jpg 1440w\" sizes=\"(max-width: 800px) 100vw, 800px\" \/>\t\t\t\t\t\t\t\t\t\t\t\t\t\t\t<\/div>\n\t\t\t\t<\/div>\n\t\t\t\t<div class=\"elementor-element elementor-element-cf60744 elementor-widget elementor-widget-video\" data-id=\"cf60744\" data-element_type=\"widget\" data-e-type=\"widget\" data-settings=\"{&quot;youtube_url&quot;:&quot;https:\\\/\\\/youtu.be\\\/x4QffeSLpXA?si=3t65x9-tGAFRjULT&quot;,&quot;video_type&quot;:&quot;youtube&quot;,&quot;controls&quot;:&quot;yes&quot;}\" data-widget_type=\"video.default\">\n\t\t\t\t<div class=\"elementor-widget-container\">\n\t\t\t\t\t\t\t<div class=\"elementor-wrapper elementor-open-inline\">\n\t\t\t<div class=\"elementor-video\"><\/div>\t\t<\/div>\n\t\t\t\t\t\t<\/div>\n\t\t\t\t<\/div>\n\t\t\t\t\t<\/div>\n\t\t\t\t<\/div>\n\t\t<div data-particle_enable=\"false\" data-particle-mobile-disabled=\"false\" class=\"elementor-element elementor-element-4fa3450 e-flex e-con-boxed e-con e-parent\" data-id=\"4fa3450\" data-element_type=\"container\" data-e-type=\"container\" data-settings=\"{&quot;_ha_eqh_enable&quot;:false}\">\n\t\t\t\t\t<div class=\"e-con-inner\">\n\t\t<div data-particle_enable=\"false\" data-particle-mobile-disabled=\"false\" class=\"elementor-element elementor-element-4571667 e-con-full e-flex e-con e-child\" data-id=\"4571667\" data-element_type=\"container\" data-e-type=\"container\" data-settings=\"{&quot;_ha_eqh_enable&quot;:false}\">\n\t\t\t\t<div class=\"elementor-element elementor-element-9ed4fe2 elementor-widget elementor-widget-text-editor\" data-id=\"9ed4fe2\" data-element_type=\"widget\" data-e-type=\"widget\" data-widget_type=\"text-editor.default\">\n\t\t\t\t<div class=\"elementor-widget-container\">\n\t\t\t\t\t\t\t\t\t<p><span style=\"color: var( --e-global-color-text ); letter-spacing: -0.8px; text-align: var(--text-align);\"><b>THE SOUNDTRACK<\/b><\/span><\/p><p>Fred Silveira, composer and arranger, was invited to create the soundtrack for this piece. Known for his work in musicals and theater, Fred brought a sensitive and in-depth approach to capturing the emotional essence of characters.<\/p><p><span style=\"color: var( --e-global-color-text ); letter-spacing: -0.8px; text-align: var(--text-align);\"><b>MUSICAL DEVELOPMENT<\/b><\/span><\/p><p>Fred Silveira\u2019s soundtrack for \u201cTodas as P\u00e9talas que Chorei por Voc\u00ea\u201d is an auditory journey that complements the visual and textual narrative. Using a combination of acoustic instruments and subtle electronic elements, the music:<\/p>\t\t\t\t\t\t\t\t<\/div>\n\t\t\t\t<\/div>\n\t\t\t\t<\/div>\n\t\t<div data-particle_enable=\"false\" data-particle-mobile-disabled=\"false\" class=\"elementor-element elementor-element-3eec486 e-con-full e-flex e-con e-child\" data-id=\"3eec486\" data-element_type=\"container\" data-e-type=\"container\" data-settings=\"{&quot;_ha_eqh_enable&quot;:false}\">\n\t\t\t\t<div class=\"elementor-element elementor-element-6d82c14 elementor-widget elementor-widget-image\" data-id=\"6d82c14\" data-element_type=\"widget\" data-e-type=\"widget\" data-widget_type=\"image.default\">\n\t\t\t\t<div class=\"elementor-widget-container\">\n\t\t\t\t\t\t\t\t\t\t\t\t\t\t\t<img decoding=\"async\" width=\"800\" height=\"534\" data-src=\"https:\/\/codamusic.com.br\/wp-content\/uploads\/2024\/06\/todas-as-petalas-1024x683.jpg\" class=\"attachment-large size-large wp-image-6616 lazyload\" alt=\"\" data-srcset=\"https:\/\/codamusic.com.br\/wp-content\/uploads\/2024\/06\/todas-as-petalas-1024x683.jpg 1024w, https:\/\/codamusic.com.br\/wp-content\/uploads\/2024\/06\/todas-as-petalas-300x200.jpg 300w, https:\/\/codamusic.com.br\/wp-content\/uploads\/2024\/06\/todas-as-petalas-768x512.jpg 768w, https:\/\/codamusic.com.br\/wp-content\/uploads\/2024\/06\/todas-as-petalas-18x12.jpg 18w, https:\/\/codamusic.com.br\/wp-content\/uploads\/2024\/06\/todas-as-petalas.jpg 1440w\" data-sizes=\"(max-width: 800px) 100vw, 800px\" src=\"data:image\/gif;base64,R0lGODlhAQABAAAAACH5BAEKAAEALAAAAAABAAEAAAICTAEAOw==\" style=\"--smush-placeholder-width: 800px; --smush-placeholder-aspect-ratio: 800\/534;\" \/><noscript><img decoding=\"async\" width=\"800\" height=\"534\" src=\"https:\/\/codamusic.com.br\/wp-content\/uploads\/2024\/06\/todas-as-petalas-1024x683.jpg\" class=\"attachment-large size-large wp-image-6616\" alt=\"\" srcset=\"https:\/\/codamusic.com.br\/wp-content\/uploads\/2024\/06\/todas-as-petalas-1024x683.jpg 1024w, https:\/\/codamusic.com.br\/wp-content\/uploads\/2024\/06\/todas-as-petalas-300x200.jpg 300w, https:\/\/codamusic.com.br\/wp-content\/uploads\/2024\/06\/todas-as-petalas-768x512.jpg 768w, https:\/\/codamusic.com.br\/wp-content\/uploads\/2024\/06\/todas-as-petalas-18x12.jpg 18w, https:\/\/codamusic.com.br\/wp-content\/uploads\/2024\/06\/todas-as-petalas.jpg 1440w\" sizes=\"(max-width: 800px) 100vw, 800px\" \/><\/noscript>\t\t\t\t\t\t\t\t\t\t\t\t\t\t\t<\/div>\n\t\t\t\t<\/div>\n\t\t\t\t<\/div>\n\t\t\t\t\t<\/div>\n\t\t\t\t<\/div>\n\t\t<div data-particle_enable=\"false\" data-particle-mobile-disabled=\"false\" class=\"elementor-element elementor-element-39a6574f e-flex e-con-boxed e-con e-parent\" data-id=\"39a6574f\" data-element_type=\"container\" data-e-type=\"container\" data-settings=\"{&quot;background_background&quot;:&quot;classic&quot;,&quot;_ha_eqh_enable&quot;:false}\">\n\t\t\t\t\t<div class=\"e-con-inner\">\n\t\t<div data-particle_enable=\"false\" data-particle-mobile-disabled=\"false\" class=\"elementor-element elementor-element-81085e3 e-flex e-con-boxed e-con e-child\" data-id=\"81085e3\" data-element_type=\"container\" data-e-type=\"container\" data-settings=\"{&quot;_ha_eqh_enable&quot;:false}\">\n\t\t\t\t\t<div class=\"e-con-inner\">\n\t\t<div data-particle_enable=\"false\" data-particle-mobile-disabled=\"false\" class=\"elementor-element elementor-element-c266f23 animated-slow e-con-full e-flex elementor-invisible e-con e-child\" data-id=\"c266f23\" data-element_type=\"container\" data-e-type=\"container\" data-settings=\"{&quot;animation&quot;:&quot;fadeInUp&quot;,&quot;animation_delay&quot;:150,&quot;_ha_eqh_enable&quot;:false}\">\n\t\t\t\t<div class=\"elementor-element elementor-element-5876c13 elementor-widget elementor-widget-heading\" data-id=\"5876c13\" data-element_type=\"widget\" data-e-type=\"widget\" data-widget_type=\"heading.default\">\n\t\t\t\t<div class=\"elementor-widget-container\">\n\t\t\t\t\t<h2 class=\"elementor-heading-title elementor-size-default\">INDIVIDUALITY OF CHARACTERS<\/h2>\t\t\t\t<\/div>\n\t\t\t\t<\/div>\n\t\t\t\t<div class=\"elementor-element elementor-element-465fd45a elementor-widget elementor-widget-testimonial\" data-id=\"465fd45a\" data-element_type=\"widget\" data-e-type=\"widget\" data-widget_type=\"testimonial.default\">\n\t\t\t\t<div class=\"elementor-widget-container\">\n\t\t\t\t\t\t\t<div class=\"elementor-testimonial-wrapper\">\n\t\t\t\t\t\t\t<div class=\"elementor-testimonial-content\">Each musical theme highlights the emotional nuances of Maria Eduarda, Maria Helena and Maria Fernanda, illustrating their different stages in romantic relationships.<\/div>\n\t\t\t\n\t\t\t\t\t<\/div>\n\t\t\t\t\t\t<\/div>\n\t\t\t\t<\/div>\n\t\t\t\t<\/div>\n\t\t<div data-particle_enable=\"false\" data-particle-mobile-disabled=\"false\" class=\"elementor-element elementor-element-17668b8e animated-slow e-con-full e-flex elementor-invisible e-con e-child\" data-id=\"17668b8e\" data-element_type=\"container\" data-e-type=\"container\" data-settings=\"{&quot;animation&quot;:&quot;fadeInUp&quot;,&quot;animation_delay&quot;:150,&quot;_ha_eqh_enable&quot;:false}\">\n\t\t\t\t<div class=\"elementor-element elementor-element-d1b1375 elementor-widget elementor-widget-heading\" data-id=\"d1b1375\" data-element_type=\"widget\" data-e-type=\"widget\" data-widget_type=\"heading.default\">\n\t\t\t\t<div class=\"elementor-widget-container\">\n\t\t\t\t\t<h2 class=\"elementor-heading-title elementor-size-default\">EMOTIONAL ENVIRONMENTS<\/h2>\t\t\t\t<\/div>\n\t\t\t\t<\/div>\n\t\t\t\t<div class=\"elementor-element elementor-element-53267d09 elementor-widget elementor-widget-testimonial\" data-id=\"53267d09\" data-element_type=\"widget\" data-e-type=\"widget\" data-widget_type=\"testimonial.default\">\n\t\t\t\t<div class=\"elementor-widget-container\">\n\t\t\t\t\t\t\t<div class=\"elementor-testimonial-wrapper\">\n\t\t\t\t\t\t\t<div class=\"elementor-testimonial-content\">The music helps to build the emotional scenarios of the scenes, from the tenderness of the beginning of a romance to the pain of a separation.<\/div>\n\t\t\t\n\t\t\t\t\t<\/div>\n\t\t\t\t\t\t<\/div>\n\t\t\t\t<\/div>\n\t\t\t\t<\/div>\n\t\t<div data-particle_enable=\"false\" data-particle-mobile-disabled=\"false\" class=\"elementor-element elementor-element-13e283b5 animated-slow e-con-full e-flex elementor-invisible e-con e-child\" data-id=\"13e283b5\" data-element_type=\"container\" data-e-type=\"container\" data-settings=\"{&quot;animation&quot;:&quot;fadeInUp&quot;,&quot;animation_delay&quot;:150,&quot;_ha_eqh_enable&quot;:false}\">\n\t\t\t\t<div class=\"elementor-element elementor-element-7188863 elementor-widget elementor-widget-heading\" data-id=\"7188863\" data-element_type=\"widget\" data-e-type=\"widget\" data-widget_type=\"heading.default\">\n\t\t\t\t<div class=\"elementor-widget-container\">\n\t\t\t\t\t<h2 class=\"elementor-heading-title elementor-size-default\">SUPPORTS THE NARRATIVE<\/h2>\t\t\t\t<\/div>\n\t\t\t\t<\/div>\n\t\t\t\t<div class=\"elementor-element elementor-element-12b1fd89 elementor-widget elementor-widget-testimonial\" data-id=\"12b1fd89\" data-element_type=\"widget\" data-e-type=\"widget\" data-widget_type=\"testimonial.default\">\n\t\t\t\t<div class=\"elementor-widget-container\">\n\t\t\t\t\t\t\t<div class=\"elementor-testimonial-wrapper\">\n\t\t\t\t\t\t\t<div class=\"elementor-testimonial-content\">Integrating perfectly with the text and staging, the soundtrack reinforces the message of empowerment and the deconstruction of romantic love, emphasizing the strength and vulnerability of the female characters.<\/div>\n\t\t\t\n\t\t\t\t\t<\/div>\n\t\t\t\t\t\t<\/div>\n\t\t\t\t<\/div>\n\t\t\t\t<\/div>\n\t\t\t\t\t<\/div>\n\t\t\t\t<\/div>\n\t\t\t\t\t<\/div>\n\t\t\t\t<\/div>\n\t\t<div data-particle_enable=\"false\" data-particle-mobile-disabled=\"false\" class=\"elementor-element elementor-element-eda7137 e-flex e-con-boxed e-con e-parent\" data-id=\"eda7137\" data-element_type=\"container\" data-e-type=\"container\" data-settings=\"{&quot;background_background&quot;:&quot;classic&quot;,&quot;_ha_eqh_enable&quot;:false}\">\n\t\t\t\t\t<div class=\"e-con-inner\">\n\t\t\t\t<div class=\"elementor-element elementor-element-7043a71 elementor-widget elementor-widget-heading\" data-id=\"7043a71\" data-element_type=\"widget\" data-e-type=\"widget\" data-widget_type=\"heading.default\">\n\t\t\t\t<div class=\"elementor-widget-container\">\n\t\t\t\t\t<h2 class=\"elementor-heading-title elementor-size-default\">PLAYLIST<\/h2>\t\t\t\t<\/div>\n\t\t\t\t<\/div>\n\t\t\t\t<div class=\"elementor-element elementor-element-ad95826 elementor-widget elementor-widget-html\" data-id=\"ad95826\" data-element_type=\"widget\" data-e-type=\"widget\" data-widget_type=\"html.default\">\n\t\t\t\t<div class=\"elementor-widget-container\">\n\t\t\t\t\t<iframe style=\"border-radius:12px\" data-src=\"https:\/\/open.spotify.com\/embed\/album\/2euwWclJXokbC9lVLsYtjH?utm_source=generator\" width=\"100%\" height=\"352\" frameborder=\"0\" allowfullscreen=\"\" allow=\"autoplay; clipboard-write; encrypted-media; fullscreen; picture-in-picture\" loading=\"lazy\" src=\"data:image\/gif;base64,R0lGODlhAQABAAAAACH5BAEKAAEALAAAAAABAAEAAAICTAEAOw==\" class=\"lazyload\" data-load-mode=\"1\"><\/iframe>\t\t\t\t<\/div>\n\t\t\t\t<\/div>\n\t\t\t\t\t<\/div>\n\t\t\t\t<\/div>\n\t\t\t\t<\/div>","protected":false},"excerpt":{"rendered":"<p>A pe\u00e7a &#8220;Todas as P\u00e9talas que Chorei por Voc\u00ea&#8221; aborda a complexidade dos relacionamentos amorosos atrav\u00e9s de tr\u00eas personagens femininas: Maria Eduarda, Maria Helena e Maria Fernanda. A obra, escrita por Thereza Andrada e dirigida por Renata Ricci, explora temas como sensibilidade feminina, empoderamento e a desconstru\u00e7\u00e3o do amor rom\u00e2ntico. Com uma temporada inicial online [&hellip;]<\/p>","protected":false},"author":1,"featured_media":0,"parent":0,"menu_order":0,"comment_status":"closed","ping_status":"closed","template":"elementor_header_footer","meta":{"footnotes":""},"class_list":["post-6589","page","type-page","status-publish","hentry"],"_links":{"self":[{"href":"https:\/\/codamusic.com.br\/en\/wp-json\/wp\/v2\/pages\/6589","targetHints":{"allow":["GET"]}}],"collection":[{"href":"https:\/\/codamusic.com.br\/en\/wp-json\/wp\/v2\/pages"}],"about":[{"href":"https:\/\/codamusic.com.br\/en\/wp-json\/wp\/v2\/types\/page"}],"author":[{"embeddable":true,"href":"https:\/\/codamusic.com.br\/en\/wp-json\/wp\/v2\/users\/1"}],"replies":[{"embeddable":true,"href":"https:\/\/codamusic.com.br\/en\/wp-json\/wp\/v2\/comments?post=6589"}],"version-history":[{"count":32,"href":"https:\/\/codamusic.com.br\/en\/wp-json\/wp\/v2\/pages\/6589\/revisions"}],"predecessor-version":[{"id":6626,"href":"https:\/\/codamusic.com.br\/en\/wp-json\/wp\/v2\/pages\/6589\/revisions\/6626"}],"wp:attachment":[{"href":"https:\/\/codamusic.com.br\/en\/wp-json\/wp\/v2\/media?parent=6589"}],"curies":[{"name":"wp","href":"https:\/\/api.w.org\/{rel}","templated":true}]}}